{"id":69,"date":"2021-10-03T10:23:43","date_gmt":"2021-10-03T10:23:43","guid":{"rendered":"https:\/\/www.pebblecushions.com\/product\/huge-rock-pillows-living-stones-pillows-pebble-pillows-living-pillows-pre-filled-christmas-present-light-gray\/"},"modified":"2025-09-22T03:45:19","modified_gmt":"2025-09-22T03:45:19","slug":"kamyczkowe-poduszki-kamyczkowe-poduszki-podlogowe-9001","status":"publish","type":"product","link":"https:\/\/www.pebblecushions.com\/pl\/product\/pebble-pillows-pebble-floor-cushions-9001","title":{"rendered":"Poduszki Pebble Poduszki pod\u0142ogowe Pebble"},"content":{"rendered":"[zc_getpagecontent mb=&#8221;mb_aplus&#8221; apid=&#8221;16&#8243;]\n<div class=\"row fill_option_note row-box-shadow-2\"  id=\"row-516540145\">\r\n\r\n\n\t<div id=\"col-855607490\" class=\"col small-12 large-12\"  >\n\t\t\t\t<div class=\"col-inner\"  >\n\t\t\t\n\t\t\t\r\n\r\n\t<div id=\"text-2342095515\" class=\"text\">\n\t\t\r\n\r\n<p>Our Pebble Cushions offer you two options when purchasing: filled and unfilled cushion covers.<\/p>\r\n<p>If you choose to purchase the unfilled cushion cover (which is definitely tempting for the price), then you will need to fill it with a soft, sturdy yet fluffy filling, or you can fill it with your old clothes, old sheets and other textiles. Or you can get high-quality Premium Fiberfill at Walmart. Doing so will help you save some of the cost of your purchase. Each Pebble Cushion Cover has a discreet zipper along the bottom, great for maintaining the image of the pebbles, and for keeping your family comfortable while you use them. Just unzip to quickly fill the cushion with fiberfill. Likewise, it\u2019s just as easy to empty it when it comes time to wash it.<\/p>\r\n<p>If you shop for a stuffed pebble cushions, we will fill it well for you and guarantee that the stuffed polyester fiberfill inside is brand new, best quality, healthy &amp; ready for use immediately.<\/p>\r\n<p>Why is it recommended to buy \"Without Stuffing\" cushioncase?<\/p>\r\n<p>Our Pebble Cushions are HUGE when full. Since shipping is based on the size of the cushions, not the weight, we have to charge a lot more. Instead, you could purchase the Pebble Cushion Cover , fill it with Premium Fiberfill on your own, and save over 80% off the normal retail price.<\/p>\r\n\t\t\n<style>\n#text-2342095515 {\n  color: rgb(0,0,0);\n}\n#text-2342095515 > * {\n  color: rgb(0,0,0);\n}\n<\/style>\n\t<\/div>\n\t\r\n\r\n\t\t<\/div>\n\t\t\t\t\t<\/div>\n\n\t\r\n\r\n\n<style>\n#row-516540145 > .col > .col-inner {\n  padding: 20px 20px 10px 20px;\n  background-color: rgb(238, 238, 238);\n  border-radius: 5px;\n}\n<\/style>\n<\/div>\n","protected":false},"excerpt":{"rendered":"<ul>\n<li>Materia\u0142: Polar Fleece<\/li>\n<li>Ilo\u015b\u0107: 6 szt. w zestawie<\/li>\n<li>Rozmiary: 40x20 cali; 20x14 cali; 20x10 cali; 14x9 cali; 12x7 cali; 7x4 cali<\/li>\n<li>Kolor: jasnoszary<\/li>\n<li>Wz\u00f3r: Solid Color Nature Stone<\/li>\n<li>Materia\u0142 wype\u0142niaj\u0105cy (dla opcji FRE-FILLED): Wype\u0142nieniem jest w\u0142\u00f3kno poliestrowe, kt\u00f3re jest eksplodowane przez specjaln\u0105 mieszank\u0119 w\u0142\u00f3kien poliestrowych 100%, tworz\u0105c niezwyk\u0142\u0105 spr\u0119\u017cysto\u015b\u0107. Wype\u0142niacz ma g\u0142adk\u0105 konsystencj\u0119 i siln\u0105 integralno\u015b\u0107 przez niezliczone prania. Wype\u0142nienie rzadko si\u0119 zbryla i jest antyalergiczne.<\/li>\n<li>Charakteryzuj\u0105ce si\u0119 doskona\u0142ym po\u0142\u0105czeniem twardych kamiennych kszta\u0142t\u00f3w i mi\u0119kkich funkcji poduszki, te kamienne poduszki mog\u0105 by\u0107 nie tylko u\u017cywane jako charakterystyczny wystr\u00f3j domu na pod\u0142odze lub meblach, ale tak\u017ce jako ciekawa przytulanka lub narzuta dla wszystkich grup wiekowych.<\/li>\n<li>Kamienne poduszki z nadrukiem 3D Verisimilar: Na pierwszy rzut oka nigdy nie pomy\u015blisz, \u017ce to tylko poduszki. Doskonale po\u0142\u0105czyli\u015bmy poduszk\u0119 i \"kamie\u0144\" dzi\u0119ki pomys\u0142owemu projektowi. Kszta\u0142t elipsy, elegancka krzywa i wz\u00f3r kamienia naturalnego - wszystko to sprawia, \u017ce poduszka wygl\u0105da jak prawdziwy kamie\u0144. Te \u017cywe poduszki sprawiaj\u0105, \u017ce nasz dom staje si\u0119 interesuj\u0105cym miejscem.<\/li>\n<li>To, co widzisz, jest tym, co dostajesz.<\/li>\n<\/ul>","protected":false},"featured_media":58,"comment_status":"open","ping_status":"closed","template":"","meta":[],"product_brand":[],"product_cat":[15],"product_tag":[34,19,22,20,26,21,30,27],"class_list":{"0":"post-69","1":"product","2":"type-product","3":"status-publish","4":"has-post-thumbnail","6":"product_cat-livingstones","7":"product_tag-felt-rock-pillows","8":"product_tag-living-stone-pillows","9":"product_tag-pebble-cushions","10":"product_tag-pebble-pillows","11":"product_tag-rock-cushions","12":"product_tag-rock-pillows","13":"product_tag-soft-rock-pillows","14":"product_tag-stone-floor-pillows","16":"first","17":"instock","18":"featured","19":"shipping-taxable","20":"purchasable","21":"product-type-variable","22":"has-default-attributes"},"_links":{"self":[{"href":"https:\/\/www.pebblecushions.com\/pl\/wp-json\/wp\/v2\/product\/69","targetHints":{"allow":["GET"]}}],"collection":[{"href":"https:\/\/www.pebblecushions.com\/pl\/wp-json\/wp\/v2\/product"}],"about":[{"href":"https:\/\/www.pebblecushions.com\/pl\/wp-json\/wp\/v2\/types\/product"}],"replies":[{"embeddable":true,"href":"https:\/\/www.pebblecushions.com\/pl\/wp-json\/wp\/v2\/comments?post=69"}],"wp:featuredmedia":[{"embeddable":true,"href":"https:\/\/www.pebblecushions.com\/pl\/wp-json\/wp\/v2\/media\/58"}],"wp:attachment":[{"href":"https:\/\/www.pebblecushions.com\/pl\/wp-json\/wp\/v2\/media?parent=69"}],"wp:term":[{"taxonomy":"product_brand","embeddable":true,"href":"https:\/\/www.pebblecushions.com\/pl\/wp-json\/wp\/v2\/product_brand?post=69"},{"taxonomy":"product_cat","embeddable":true,"href":"https:\/\/www.pebblecushions.com\/pl\/wp-json\/wp\/v2\/product_cat?post=69"},{"taxonomy":"product_tag","embeddable":true,"href":"https:\/\/www.pebblecushions.com\/pl\/wp-json\/wp\/v2\/product_tag?post=69"}],"curies":[{"name":"wp","href":"https:\/\/api.w.org\/{rel}","templated":true}]}}