{"id":19034,"date":"2026-03-01T02:17:08","date_gmt":"2026-03-01T02:17:08","guid":{"rendered":"https:\/\/www.pebblecushions.com\/product\/neo-livingstones-pebble-cushions-pebble-pillows-rock-pillows-set"},"modified":"2026-03-02T20:26:46","modified_gmt":"2026-03-02T20:26:46","slug":"conjunto-de-almofadas-de-seixos-neo-livingstones-almofadas-de-pedra-almofadas-de-rocha","status":"publish","type":"product","link":"https:\/\/www.pebblecushions.com\/pt\/product\/neo-livingstones-pebble-cushions-pebble-pillows-rock-pillows-set","title":{"rendered":"Conjunto de Almofadas de Pedras Neo-LivingStones"},"content":{"rendered":"[zc_getpagecontent mb=&#8221;mb_aplus&#8221; apid=&#8221;165&#8243;]\n","protected":false},"excerpt":{"rendered":"<ul>\n<li>Combine tamanhos como quiser: Dispon\u00edveis em seis tamanhos diferentes (de 20 cm a 95 cm de comprimento), as almofadas Soft Stone podem ser empilhadas, espalhadas ou agrupadas para criar seu espa\u00e7o de descanso personalizado e aconchegante. \u00d3timas como pufes, assentos de ch\u00e3o ou almofadas decorativas.<\/li>\n<li>Material de qualidade: Feitas com algod\u00e3o de polipropileno (PP) macio e de suporte, e tecido de poli\u00e9ster escovado premium, estas almofadas s\u00e3o perfeitas para relaxar, sentar, descansar ou at\u00e9 mesmo para brincadeiras imaginativas. Firmes e macias ao mesmo tempo.<\/li>\n<li>F\u00e1cil manuten\u00e7\u00e3o e montagem: N\u00e3o requer montagem e \u00e9 leve. Base antiderrapante para maior seguran\u00e7a. Limpe facilmente com um pano \u00famido. Os z\u00edperes podem ser abertos com um clipe de papel quando necess\u00e1rio \u2013 consulte o guia de fotos incluso.<\/li>\n<li>T\u00e9cnica especial de fabrica\u00e7\u00e3o: Empregamos t\u00e9cnicas avan\u00e7adas de costura de pain\u00e9is no design exterior de nossos produtos, garantindo uma apar\u00eancia delicada e sofisticada.<\/li>\n<li>Vendido em 4 combina\u00e7\u00f5es de conjuntos: Escolha entre quatro conjuntos selecionados \u2013 veja as imagens do produto para o conte\u00fado exato de cada conjunto; voc\u00ea recebe exatamente o que v\u00ea.<\/li>\n<li>Lan\u00e7amento de novo produto: garantia de pre\u00e7o por 90 dias. Se o pre\u00e7o cair dentro de 90 dias, reembolsaremos a diferen\u00e7a.<\/li>\n<li>Pol\u00edtica de Devolu\u00e7\u00e3o e Troca: Os custos de envio da devolu\u00e7\u00e3o ou troca s\u00e3o de responsabilidade do comprador.<\/li>\n<\/ul>","protected":false},"featured_media":19016,"comment_status":"open","ping_status":"closed","template":"","meta":[],"product_brand":[],"product_cat":[15],"product_tag":[],"class_list":{"0":"post-19034","1":"product","2":"type-product","3":"status-publish","4":"has-post-thumbnail","6":"product_cat-livingstones","8":"first","9":"instock","10":"sold-individually","11":"shipping-taxable","12":"purchasable","13":"product-type-variable","14":"has-default-attributes"},"_links":{"self":[{"href":"https:\/\/www.pebblecushions.com\/pt\/wp-json\/wp\/v2\/product\/19034","targetHints":{"allow":["GET"]}}],"collection":[{"href":"https:\/\/www.pebblecushions.com\/pt\/wp-json\/wp\/v2\/product"}],"about":[{"href":"https:\/\/www.pebblecushions.com\/pt\/wp-json\/wp\/v2\/types\/product"}],"replies":[{"embeddable":true,"href":"https:\/\/www.pebblecushions.com\/pt\/wp-json\/wp\/v2\/comments?post=19034"}],"wp:featuredmedia":[{"embeddable":true,"href":"https:\/\/www.pebblecushions.com\/pt\/wp-json\/wp\/v2\/media\/19016"}],"wp:attachment":[{"href":"https:\/\/www.pebblecushions.com\/pt\/wp-json\/wp\/v2\/media?parent=19034"}],"wp:term":[{"taxonomy":"product_brand","embeddable":true,"href":"https:\/\/www.pebblecushions.com\/pt\/wp-json\/wp\/v2\/product_brand?post=19034"},{"taxonomy":"product_cat","embeddable":true,"href":"https:\/\/www.pebblecushions.com\/pt\/wp-json\/wp\/v2\/product_cat?post=19034"},{"taxonomy":"product_tag","embeddable":true,"href":"https:\/\/www.pebblecushions.com\/pt\/wp-json\/wp\/v2\/product_tag?post=19034"}],"curies":[{"name":"wp","href":"https:\/\/api.w.org\/{rel}","templated":true}]}}