{"id":316,"date":"2022-04-08T12:18:35","date_gmt":"2022-04-08T12:18:35","guid":{"rendered":"https:\/\/www.pebblecushions.com\/product\/pebble-stone-floor-cushions-pebble-cushions-9035"},"modified":"2024-10-05T01:28:17","modified_gmt":"2024-10-05T01:28:17","slug":"almofadas-de-chao-em-pedra-seixo-almofadas-seixo-9035","status":"publish","type":"product","link":"https:\/\/www.pebblecushions.com\/pt\/product\/pebble-stone-floor-cushions-pebble-cushions-9035","title":{"rendered":"Almofadas de ch\u00e3o em pedra Pebble Almofadas Pebble"},"content":{"rendered":"[zc_getpagecontent mb=&#8221;mb_aplus&#8221; apid=&#8221;20&#8243;]\n<hr \/>\n<p>Pattern: pebble stone<br \/>\nImported Type: decorative stone pillow<br \/>\nPackage includes: 7PCS Mix Sizes<br \/>\nCare: Spot clean by hand only<\/p>\n<p><strong>Benefits:<\/strong><\/p>\n<p>Bring pieces of nature into your home with eco-friendly design, Set a comfortable reading and relaxing space for your home.<br \/>\nFeatured in a perfect combination of hard stone shapes and soft pillow functions, these stone pillows can not only be used as a home decor but also an interesting hug or throw for all ages.<br \/>\nThese featured stone pillows are designed according simulation stone shapes and have realistic modeling appearance.<br \/>\nthey are suitable for various scenes and purposes: mixed rock like floor decorative pillows, \u00a0plush toy, \u00a0pebble pillows.<br \/>\nWonderful for kids room, children are especially fond of playing with them whenever and wherever they catch a sight.<br \/>\nCreative style attractive shape sewing with fine workmanship invisible zipper design.<\/p>\n<p><strong>Warm Tip:<\/strong><\/p>\n<p>1. Due to the different monitor and light effect, the actual color of the item might be slightly different from the color showed on the pictures.<br \/>\n2. Please allow 1-2 cm\/ 0.39-0.78 inch errors due to different manual measurement.<br \/>\n3. Please kindly use machine wash the cover of this cushion on cold and air dry; to ensure long-time softness, we suggest not to use iron, bleach, tumble dry or dry clean.<br \/>\n4. Customers&#8217; satisfaction is our top pursuit, please contact with us if you have any curiosity\/ questions\/ suggestions about the product or our service, we will give you a response as soon as possible.<\/p>\n<div class=\"row fill_option_note row-box-shadow-2\"  id=\"row-1271413685\">\r\n\r\n\n\t<div id=\"col-898217706\" class=\"col small-12 large-12\"  >\n\t\t\t\t<div class=\"col-inner\"  >\n\t\t\t\n\t\t\t\r\n\r\n\t<div id=\"text-973904822\" class=\"text\">\n\t\t\r\n\r\n<p>Our Pebble Cushions offer you two options when purchasing: filled and unfilled cushion covers.<\/p>\r\n<p>If you choose to purchase the unfilled cushion cover (which is definitely tempting for the price), then you will need to fill it with a soft, sturdy yet fluffy filling, or you can fill it with your old clothes, old sheets and other textiles. Or you can get high-quality Premium Fiberfill at Walmart. Doing so will help you save some of the cost of your purchase. Each Pebble Cushion Cover has a discreet zipper along the bottom, great for maintaining the image of the pebbles, and for keeping your family comfortable while you use them. Just unzip to quickly fill the cushion with fiberfill. Likewise, it\u2019s just as easy to empty it when it comes time to wash it.<\/p>\r\n<p>If you shop for a stuffed pebble cushions, we will fill it well for you and guarantee that the stuffed polyester fiberfill inside is brand new, best quality, healthy &amp; ready for use immediately.<\/p>\r\n<p>Why is it recommended to buy \"Without Stuffing\" cushioncase?<\/p>\r\n<p>Our Pebble Cushions are HUGE when full. Since shipping is based on the size of the cushions, not the weight, we have to charge a lot more. Instead, you could purchase the Pebble Cushion Cover , fill it with Premium Fiberfill on your own, and save over 80% off the normal retail price.<\/p>\r\n\t\t\n<style>\n#text-973904822 {\n  color: rgb(0,0,0);\n}\n#text-973904822 > * {\n  color: rgb(0,0,0);\n}\n<\/style>\n\t<\/div>\n\t\r\n\r\n\t\t<\/div>\n\t\t\t\t\t<\/div>\n\n\t\r\n\r\n\n<style>\n#row-1271413685 > .col > .col-inner {\n  padding: 20px 20px 10px 20px;\n  background-color: rgb(238, 238, 238);\n  border-radius: 5px;\n}\n<\/style>\n<\/div>\n","protected":false},"excerpt":{"rendered":"<ul>\n<li>Material: A capa desta almofada de pedra realista \u00e9 feita de veludo, f\u00e1cil de limpar e super confort\u00e1vel para se apoiar.<\/li>\n<li>Material de enchimento (para a op\u00e7\u00e3o FRE-FILLED): O enchimento \u00e9 um enchimento de fibra de poli\u00e9ster que \u00e9 explodido pela mistura especial de fibras de poli\u00e9ster 100%, criando uma resili\u00eancia extraordin\u00e1ria. O enchimento tem uma consist\u00eancia suave e uma integridade forte durante in\u00fameras lavagens. O enchimento raramente se acumula e n\u00e3o \u00e9 alerg\u00e9nico.<\/li>\n<li>Design inspirado na natureza: Estas almofadas de pedra foram concebidas para se assemelharem a pedras de rocha, apresentando um aspeto realista com a suavidade e o conforto de uma almofada.<\/li>\n<li>Fun\u00e7\u00f5es: Pode ser utilizado como almofadas para o ch\u00e3o, cadeiras, sof\u00e1s, sof\u00e1s, almofadas de exterior, almofadas de arremesso, almofadas de cunha; \u00d3timo para viagens longas e campismo; decora\u00e7\u00e3o de casa, brinquedos de peluche para crian\u00e7as, presentes criativos, tamb\u00e9m como adere\u00e7os para um est\u00fadio de fotografia ou jogo; Ideia \u00fanica de presente para anivers\u00e1rio, Natal, aquecimento da casa, amizade, Dia dos Namorados ou etc.<\/li>\n<li>Vantagens: Sotaque decorativo \u00fanico para a sua casa, sala de estar, quarto das crian\u00e7as, dormit\u00f3rio, escrit\u00f3rio, p\u00e1tio ou carro, parque infantil, sala de jogos, jardim, jardim de inf\u00e2ncia, escola, est\u00fadio de fotografia, hotel, clube, bar, centro de ioga, exposi\u00e7\u00e3o de moda, exposi\u00e7\u00e3o autom\u00f3vel e outros locais.<\/li>\n<li>F\u00e1cil de limpar: O fecho de correr invis\u00edvel anexado torna a capa amov\u00edvel e lav\u00e1vel; a lavagem \u00e0 m\u00e3o \u00e9 aceit\u00e1vel.<\/li>\n<li>O pacote inclui: 7pcs\/set, Tamanho: #1 30x17inch, #2 23x14inch, #3 21x12inch, #4 20x11inch, #5 15x9inch, #6 12x8inch, #7 8x8inch.<\/li>\n<li>Alerta de atraso na entrega: Os artigos actuais ser\u00e3o enviados no prazo de 72 horas ap\u00f3s o pagamento e entregues no prazo de 10 a 20 dias.<\/li>\n<\/ul>","protected":false},"featured_media":312,"comment_status":"open","ping_status":"closed","template":"","meta":[],"product_brand":[],"product_cat":[17],"product_tag":[19,35,22,20,24,26,21,29,32],"class_list":{"0":"post-316","1":"product","2":"type-product","3":"status-publish","4":"has-post-thumbnail","6":"product_cat-pebble-cushions","7":"product_tag-living-stone-pillows","8":"product_tag-livingstones","9":"product_tag-pebble-cushions","10":"product_tag-pebble-pillows","11":"product_tag-pebble-seats","12":"product_tag-rock-cushions","13":"product_tag-rock-pillows","14":"product_tag-stone-cushions","15":"product_tag-stone-pillows","17":"first","18":"instock","19":"shipping-taxable","20":"purchasable","21":"product-type-variable","22":"has-default-attributes"},"_links":{"self":[{"href":"https:\/\/www.pebblecushions.com\/pt\/wp-json\/wp\/v2\/product\/316","targetHints":{"allow":["GET"]}}],"collection":[{"href":"https:\/\/www.pebblecushions.com\/pt\/wp-json\/wp\/v2\/product"}],"about":[{"href":"https:\/\/www.pebblecushions.com\/pt\/wp-json\/wp\/v2\/types\/product"}],"replies":[{"embeddable":true,"href":"https:\/\/www.pebblecushions.com\/pt\/wp-json\/wp\/v2\/comments?post=316"}],"wp:featuredmedia":[{"embeddable":true,"href":"https:\/\/www.pebblecushions.com\/pt\/wp-json\/wp\/v2\/media\/312"}],"wp:attachment":[{"href":"https:\/\/www.pebblecushions.com\/pt\/wp-json\/wp\/v2\/media?parent=316"}],"wp:term":[{"taxonomy":"product_brand","embeddable":true,"href":"https:\/\/www.pebblecushions.com\/pt\/wp-json\/wp\/v2\/product_brand?post=316"},{"taxonomy":"product_cat","embeddable":true,"href":"https:\/\/www.pebblecushions.com\/pt\/wp-json\/wp\/v2\/product_cat?post=316"},{"taxonomy":"product_tag","embeddable":true,"href":"https:\/\/www.pebblecushions.com\/pt\/wp-json\/wp\/v2\/product_tag?post=316"}],"curies":[{"name":"wp","href":"https:\/\/api.w.org\/{rel}","templated":true}]}}