{"id":5211,"date":"2024-10-05T03:00:22","date_gmt":"2024-10-05T03:00:22","guid":{"rendered":"https:\/\/www.pebblecushions.com\/product\/headboard-pillow-white-plush-large-wedge-reading-pillow"},"modified":"2026-03-24T02:16:36","modified_gmt":"2026-03-24T02:16:36","slug":"almofada-de-cabeceira-branca-almofada-de-leitura-em-cunha-grande-de-pelucia","status":"publish","type":"product","link":"https:\/\/www.pebblecushions.com\/pt\/product\/headboard-pillow-white-plush-large-wedge-reading-pillow","title":{"rendered":"Almofada para a cabeceira da cama Almofada de leitura em cunha grande de pel\u00facia branca"},"content":{"rendered":"","protected":false},"excerpt":{"rendered":"<ul>\n<li><strong>MULTIFUNCIONALIDADE:<\/strong> Mais do que uma simples almofada de cabeceira, o nosso design de almofada de cama em cunha suporta uma variedade de utiliza\u00e7\u00f5es e pode ser utilizado como uma ajuda ideal para apoio das costas, eleva\u00e7\u00e3o das pernas, leitura, ver televis\u00e3o e muitas outras posturas para satisfazer as suas m\u00faltiplas necessidades<\/li>\n<li><strong>DESIGN ERGON\u00d3MICO:<\/strong> Cuidado \u00edntimo, engenho ergon\u00f3mico. Proporcionar-lhe o apoio mais confort\u00e1vel, reduzir a press\u00e3o sobre as v\u00e9rtebras cervicais e lombares, desfrutar de todos os momentos de conforto e aconchego.<\/li>\n<li><strong>CONFORTO:<\/strong> A almofada grande triangular em cunha \u00e9 fabricada com materiais de alta qualidade e tecnologia de processamento delicada para garantir a suavidade e o conforto da almofada para apoio de cabe\u00e7a em cunha, para que possa desfrutar de um ajuste \u00edntimo e de uma sensa\u00e7\u00e3o de calor e conforto.<\/li>\n<li><strong>MATERIAL:<\/strong> As almofadas de encosto do sof\u00e1-cama escolhem tecidos de alta qualidade, macios e amigos da pele, resistentes a rugas e ao desgaste, proporcionando-lhe um toque confort\u00e1vel e uma excelente respirabilidade, mantendo-o seco e confort\u00e1vel.<\/li>\n<li><strong>F\u00c1CIL DE LIMPAR:<\/strong> A almofada para cama de cunha tem uma capa amov\u00edvel e lav\u00e1vel para facilitar os cuidados, para que tenha sempre um ambiente de descanso fresco e arrumado.<\/li>\n<li><strong>Tamanho:<\/strong> 60cm (60*20*50cm),80cm (80*20*50cm),100cm (100*20*50cm),120cm (120*20*50cm),140cm (140*20*50cm),160cm (160*20*50cm),180cm (180*20*50cm),200cm (200*20*50cm)<\/li>\n<\/ul>","protected":false},"featured_media":5199,"comment_status":"open","ping_status":"closed","template":"","meta":[],"product_brand":[],"product_cat":[55],"product_tag":[],"class_list":{"0":"post-5211","1":"product","2":"type-product","3":"status-publish","4":"has-post-thumbnail","6":"product_cat-living-cushions","8":"first","9":"instock","10":"featured","11":"sold-individually","12":"shipping-taxable","13":"purchasable","14":"product-type-variable","15":"has-default-attributes"},"_links":{"self":[{"href":"https:\/\/www.pebblecushions.com\/pt\/wp-json\/wp\/v2\/product\/5211","targetHints":{"allow":["GET"]}}],"collection":[{"href":"https:\/\/www.pebblecushions.com\/pt\/wp-json\/wp\/v2\/product"}],"about":[{"href":"https:\/\/www.pebblecushions.com\/pt\/wp-json\/wp\/v2\/types\/product"}],"replies":[{"embeddable":true,"href":"https:\/\/www.pebblecushions.com\/pt\/wp-json\/wp\/v2\/comments?post=5211"}],"wp:featuredmedia":[{"embeddable":true,"href":"https:\/\/www.pebblecushions.com\/pt\/wp-json\/wp\/v2\/media\/5199"}],"wp:attachment":[{"href":"https:\/\/www.pebblecushions.com\/pt\/wp-json\/wp\/v2\/media?parent=5211"}],"wp:term":[{"taxonomy":"product_brand","embeddable":true,"href":"https:\/\/www.pebblecushions.com\/pt\/wp-json\/wp\/v2\/product_brand?post=5211"},{"taxonomy":"product_cat","embeddable":true,"href":"https:\/\/www.pebblecushions.com\/pt\/wp-json\/wp\/v2\/product_cat?post=5211"},{"taxonomy":"product_tag","embeddable":true,"href":"https:\/\/www.pebblecushions.com\/pt\/wp-json\/wp\/v2\/product_tag?post=5211"}],"curies":[{"name":"wp","href":"https:\/\/api.w.org\/{rel}","templated":true}]}}