{"id":5335,"date":"2024-10-18T03:29:47","date_gmt":"2024-10-18T03:29:47","guid":{"rendered":"https:\/\/www.pebblecushions.com\/product\/large-wedge-reading-pillow-for-bed-daybed-bolster-backrest-white"},"modified":"2025-09-22T03:52:01","modified_gmt":"2025-09-22T03:52:01","slug":"travesseiro-de-leitura-grande-em-cunha-para-cama-encosto-para-cama-de-dia-branco","status":"publish","type":"product","link":"https:\/\/www.pebblecushions.com\/pt\/product\/large-wedge-reading-pillow-for-bed-daybed-bolster-backrest-white","title":{"rendered":"Almofada de leitura em cunha grande para cama, sof\u00e1-cama, encosto branco"},"content":{"rendered":"","protected":false},"excerpt":{"rendered":"<ul>\n<li>Conforto M\u00e1ximo: Esta almofada de cabeceira extragrande oferece excelente conforto gra\u00e7as ao seu design triangular. A almofada de apoio da cama se ajusta perfeitamente \u00e0s costas e \u00e0 cintura, minimizando a press\u00e3o lombar\/nas costas. Esta almofada de leitura em cunha pode ajudar voc\u00ea a ficar livre de tens\u00e3o na cama ou no sof\u00e1, o que \u00e9 ideal para quem trabalha \u00e0 noite, \u00e9 um leitor voraz e assiste TV na cama. Esta almofada de apoio extragrande \u00e9 a \u00fanica almofada de cabeceira em cunha que pode acomodar duas pessoas.<\/li>\n<li>Travesseiro grande 3 em 1: Voc\u00ea pode usar o travesseiro na vertical como apoio para as costas na cabeceira da cama ou deit\u00e1-lo na cama para us\u00e1-lo como um travesseiro grande em cunha ao dormir de costas ou de lado, ou como travesseiro para as pernas, elevando-as. Se voc\u00ea deseja um travesseiro grande para a cabeceira que ofere\u00e7a suporte tanto para voc\u00ea quanto para seu c\u00f4njuge, esta \u00e9 uma excelente alternativa.<\/li>\n<li>Design multifuncional: algumas pessoas usam a almofada triangular grande como travesseiro de cabeceira, enquanto outras a usam como travesseiro de apoio para o encosto. Ela tamb\u00e9m pode ser usada como travesseiro de apoio para o encosto do sof\u00e1 ou da cama de dia. \u00c9 elegante e funcional, tornando-se um excelente complemento para qualquer quarto.<\/li>\n<li>Artesanato superior: a fronha tem apar\u00eancia de veludo cotel\u00ea e sua composi\u00e7\u00e3o \u00e9 de poli\u00e9ster 100%. Nossa almofada de cabeceira \u00e9 respir\u00e1vel e confort\u00e1vel o suficiente para manter seu formato e n\u00e3o perd\u00ea-lo com o tempo. Um bolso lateral em cada lado permite que voc\u00ea guarde seu livro ou seu telefone.<\/li>\n<li>F\u00e1cil de lavar: A capa para travesseiro de leitura \u00e9 fixada ao travesseiro por meio de bot\u00f5es e pode ser removida facilmente com um z\u00edper. Isso facilita a limpeza. Basta remover a capa e fazer uma lavagem r\u00e1pida na m\u00e1quina para deixar seu travesseiro como novo.<\/li>\n<li><strong>Tamanho:<\/strong> 60 cm (60 * 20 * 50 cm, 2 bot\u00f5es), 80 cm (80 * 20 * 50 cm, 2 bot\u00f5es), 100 cm (100 * 20 * 50 cm, 3 bot\u00f5es), 120 cm (120 * 20 * 50 cm, 4 bot\u00f5es), 140 cm (140 * 20 * 50 cm, 4 bot\u00f5es), 160 cm (160 * 20 * 50 cm, 5 bot\u00f5es), 180 cm (180 * 20 * 50 cm, 6 bot\u00f5es), 200 cm (200 * 20 * 50 cm, 7 bot\u00f5es)<\/li>\n<\/ul>","protected":false},"featured_media":5319,"comment_status":"open","ping_status":"closed","template":"","meta":[],"product_brand":[],"product_cat":[55],"product_tag":[],"class_list":{"0":"post-5335","1":"product","2":"type-product","3":"status-publish","4":"has-post-thumbnail","6":"product_cat-living-cushions","8":"first","9":"instock","10":"featured","11":"shipping-taxable","12":"purchasable","13":"product-type-variable","14":"has-default-attributes"},"_links":{"self":[{"href":"https:\/\/www.pebblecushions.com\/pt\/wp-json\/wp\/v2\/product\/5335","targetHints":{"allow":["GET"]}}],"collection":[{"href":"https:\/\/www.pebblecushions.com\/pt\/wp-json\/wp\/v2\/product"}],"about":[{"href":"https:\/\/www.pebblecushions.com\/pt\/wp-json\/wp\/v2\/types\/product"}],"replies":[{"embeddable":true,"href":"https:\/\/www.pebblecushions.com\/pt\/wp-json\/wp\/v2\/comments?post=5335"}],"wp:featuredmedia":[{"embeddable":true,"href":"https:\/\/www.pebblecushions.com\/pt\/wp-json\/wp\/v2\/media\/5319"}],"wp:attachment":[{"href":"https:\/\/www.pebblecushions.com\/pt\/wp-json\/wp\/v2\/media?parent=5335"}],"wp:term":[{"taxonomy":"product_brand","embeddable":true,"href":"https:\/\/www.pebblecushions.com\/pt\/wp-json\/wp\/v2\/product_brand?post=5335"},{"taxonomy":"product_cat","embeddable":true,"href":"https:\/\/www.pebblecushions.com\/pt\/wp-json\/wp\/v2\/product_cat?post=5335"},{"taxonomy":"product_tag","embeddable":true,"href":"https:\/\/www.pebblecushions.com\/pt\/wp-json\/wp\/v2\/product_tag?post=5335"}],"curies":[{"name":"wp","href":"https:\/\/api.w.org\/{rel}","templated":true}]}}