{"id":69,"date":"2021-10-03T10:23:43","date_gmt":"2021-10-03T10:23:43","guid":{"rendered":"https:\/\/www.pebblecushions.com\/product\/huge-rock-pillows-living-stones-pillows-pebble-pillows-living-pillows-pre-filled-christmas-present-light-gray\/"},"modified":"2025-09-22T03:45:19","modified_gmt":"2025-09-22T03:45:19","slug":"almofadas-pebble-almofadas-de-chao-pebble-9001","status":"publish","type":"product","link":"https:\/\/www.pebblecushions.com\/pt\/product\/pebble-pillows-pebble-floor-cushions-9001","title":{"rendered":"Almofadas Pebble Almofadas de ch\u00e3o Pebble"},"content":{"rendered":"[zc_getpagecontent mb=&#8221;mb_aplus&#8221; apid=&#8221;16&#8243;]\n<div class=\"row fill_option_note row-box-shadow-2\"  id=\"row-1663704763\">\r\n\r\n\n\t<div id=\"col-1187727776\" class=\"col small-12 large-12\"  >\n\t\t\t\t<div class=\"col-inner\"  >\n\t\t\t\n\t\t\t\r\n\r\n\t<div id=\"text-2585173138\" class=\"text\">\n\t\t\r\n\r\n<p>Our Pebble Cushions offer you two options when purchasing: filled and unfilled cushion covers.<\/p>\r\n<p>If you choose to purchase the unfilled cushion cover (which is definitely tempting for the price), then you will need to fill it with a soft, sturdy yet fluffy filling, or you can fill it with your old clothes, old sheets and other textiles. Or you can get high-quality Premium Fiberfill at Walmart. Doing so will help you save some of the cost of your purchase. Each Pebble Cushion Cover has a discreet zipper along the bottom, great for maintaining the image of the pebbles, and for keeping your family comfortable while you use them. Just unzip to quickly fill the cushion with fiberfill. Likewise, it\u2019s just as easy to empty it when it comes time to wash it.<\/p>\r\n<p>If you shop for a stuffed pebble cushions, we will fill it well for you and guarantee that the stuffed polyester fiberfill inside is brand new, best quality, healthy &amp; ready for use immediately.<\/p>\r\n<p>Why is it recommended to buy \"Without Stuffing\" cushioncase?<\/p>\r\n<p>Our Pebble Cushions are HUGE when full. Since shipping is based on the size of the cushions, not the weight, we have to charge a lot more. Instead, you could purchase the Pebble Cushion Cover , fill it with Premium Fiberfill on your own, and save over 80% off the normal retail price.<\/p>\r\n\t\t\n<style>\n#text-2585173138 {\n  color: rgb(0,0,0);\n}\n#text-2585173138 > * {\n  color: rgb(0,0,0);\n}\n<\/style>\n\t<\/div>\n\t\r\n\r\n\t\t<\/div>\n\t\t\t\t\t<\/div>\n\n\t\r\n\r\n\n<style>\n#row-1663704763 > .col > .col-inner {\n  padding: 20px 20px 10px 20px;\n  background-color: rgb(238, 238, 238);\n  border-radius: 5px;\n}\n<\/style>\n<\/div>\n","protected":false},"excerpt":{"rendered":"<ul>\n<li>Tecido: Velo polar<\/li>\n<li>Quantidade: 6 pe\u00e7as inclu\u00eddas<\/li>\n<li>Tamanhos: 40x20polegadas; 20x14polegadas; 20x10polegadas; 14x9polegadas; 12x7polegadas; 7x4polegadas<\/li>\n<li>Cor: Cinzento claro<\/li>\n<li>Padr\u00e3o: Pedra natural de cor s\u00f3lida<\/li>\n<li>Material de enchimento (para a op\u00e7\u00e3o FRE-FILLED): O enchimento \u00e9 um enchimento de fibra de poli\u00e9ster que \u00e9 explodido pela mistura especial de fibras de poli\u00e9ster 100%, criando uma resili\u00eancia extraordin\u00e1ria. O enchimento tem uma consist\u00eancia suave e uma integridade forte durante in\u00fameras lavagens. O enchimento raramente se acumula e n\u00e3o \u00e9 alerg\u00e9nico.<\/li>\n<li>Caracterizadas por uma combina\u00e7\u00e3o perfeita entre as suas formas de pedra dura e as fun\u00e7\u00f5es de almofada macia, estas almofadas de pedra podem n\u00e3o s\u00f3 ser utilizadas como uma decora\u00e7\u00e3o distinta no ch\u00e3o ou no mobili\u00e1rio, mas tamb\u00e9m como um abra\u00e7o ou uma almofada interessante para todas as idades.<\/li>\n<li>Almofadas de pedra impressas em 3D da Verisimilar: \u00c0 primeira vista, nunca pensar\u00e1 que s\u00e3o apenas almofadas. Combinamos na perfei\u00e7\u00e3o a almofada e a \"pedra\" atrav\u00e9s de um design engenhoso. A forma de elipse, a curva elegante e o padr\u00e3o de pedra natural, tudo isto contribui para que a almofada pare\u00e7a uma pedra verdadeira. Estas almofadas vivas tornam a nossa casa num lugar interessante.<\/li>\n<li>O que se v\u00ea \u00e9 o que se obt\u00e9m.<\/li>\n<\/ul>","protected":false},"featured_media":58,"comment_status":"open","ping_status":"closed","template":"","meta":[],"product_brand":[],"product_cat":[15],"product_tag":[34,19,22,20,26,21,30,27],"class_list":{"0":"post-69","1":"product","2":"type-product","3":"status-publish","4":"has-post-thumbnail","6":"product_cat-livingstones","7":"product_tag-felt-rock-pillows","8":"product_tag-living-stone-pillows","9":"product_tag-pebble-cushions","10":"product_tag-pebble-pillows","11":"product_tag-rock-cushions","12":"product_tag-rock-pillows","13":"product_tag-soft-rock-pillows","14":"product_tag-stone-floor-pillows","16":"first","17":"instock","18":"featured","19":"shipping-taxable","20":"purchasable","21":"product-type-variable","22":"has-default-attributes"},"_links":{"self":[{"href":"https:\/\/www.pebblecushions.com\/pt\/wp-json\/wp\/v2\/product\/69","targetHints":{"allow":["GET"]}}],"collection":[{"href":"https:\/\/www.pebblecushions.com\/pt\/wp-json\/wp\/v2\/product"}],"about":[{"href":"https:\/\/www.pebblecushions.com\/pt\/wp-json\/wp\/v2\/types\/product"}],"replies":[{"embeddable":true,"href":"https:\/\/www.pebblecushions.com\/pt\/wp-json\/wp\/v2\/comments?post=69"}],"wp:featuredmedia":[{"embeddable":true,"href":"https:\/\/www.pebblecushions.com\/pt\/wp-json\/wp\/v2\/media\/58"}],"wp:attachment":[{"href":"https:\/\/www.pebblecushions.com\/pt\/wp-json\/wp\/v2\/media?parent=69"}],"wp:term":[{"taxonomy":"product_brand","embeddable":true,"href":"https:\/\/www.pebblecushions.com\/pt\/wp-json\/wp\/v2\/product_brand?post=69"},{"taxonomy":"product_cat","embeddable":true,"href":"https:\/\/www.pebblecushions.com\/pt\/wp-json\/wp\/v2\/product_cat?post=69"},{"taxonomy":"product_tag","embeddable":true,"href":"https:\/\/www.pebblecushions.com\/pt\/wp-json\/wp\/v2\/product_tag?post=69"}],"curies":[{"name":"wp","href":"https:\/\/api.w.org\/{rel}","templated":true}]}}