{"id":113,"date":"2021-10-03T12:01:45","date_gmt":"2021-10-03T12:01:45","guid":{"rendered":"https:\/\/www.pebblecushions.com\/product\/living-stone-pillows-rock-pillows-pebble-cushions-decorative-floor-pillows-accent-throw-pillows-fun-birthday-gift-7-pieces-9013\/"},"modified":"2024-10-03T23:26:23","modified_gmt":"2024-10-03T23:26:23","slug":"perne-de-podea-din-piatra-perne-de-podea-cu-pietricele-9013","status":"publish","type":"product","link":"https:\/\/www.pebblecushions.com\/ro\/product\/stone-floor-pillows-pebble-floor-cushions-9013","title":{"rendered":"Perne de podea din piatr\u0103 Perne de podea cu pietri\u0219"},"content":{"rendered":"[zc_getpagecontent mb=&#8221;mb_aplus&#8221; apid=&#8221;20&#8243;]\n<div class=\"row fill_option_note row-box-shadow-2\"  id=\"row-510466871\">\r\n\r\n\n\t<div id=\"col-1462446593\" class=\"col small-12 large-12\"  >\n\t\t\t\t<div class=\"col-inner\"  >\n\t\t\t\n\t\t\t\r\n\r\n\t<div id=\"text-2855838755\" class=\"text\">\n\t\t\r\n\r\n<p>Our Pebble Cushions offer you two options when purchasing: filled and unfilled cushion covers.<\/p>\r\n<p>If you choose to purchase the unfilled cushion cover (which is definitely tempting for the price), then you will need to fill it with a soft, sturdy yet fluffy filling, or you can fill it with your old clothes, old sheets and other textiles. Or you can get high-quality Premium Fiberfill at Walmart. Doing so will help you save some of the cost of your purchase. Each Pebble Cushion Cover has a discreet zipper along the bottom, great for maintaining the image of the pebbles, and for keeping your family comfortable while you use them. Just unzip to quickly fill the cushion with fiberfill. Likewise, it\u2019s just as easy to empty it when it comes time to wash it.<\/p>\r\n<p>If you shop for a stuffed pebble cushions, we will fill it well for you and guarantee that the stuffed polyester fiberfill inside is brand new, best quality, healthy &amp; ready for use immediately.<\/p>\r\n<p>Why is it recommended to buy \"Without Stuffing\" cushioncase?<\/p>\r\n<p>Our Pebble Cushions are HUGE when full. Since shipping is based on the size of the cushions, not the weight, we have to charge a lot more. Instead, you could purchase the Pebble Cushion Cover , fill it with Premium Fiberfill on your own, and save over 80% off the normal retail price.<\/p>\r\n\t\t\n<style>\n#text-2855838755 {\n  color: rgb(0,0,0);\n}\n#text-2855838755 > * {\n  color: rgb(0,0,0);\n}\n<\/style>\n\t<\/div>\n\t\r\n\r\n\t\t<\/div>\n\t\t\t\t\t<\/div>\n\n\t\r\n\r\n\n<style>\n#row-510466871 > .col > .col-inner {\n  padding: 20px 20px 10px 20px;\n  background-color: rgb(238, 238, 238);\n  border-radius: 5px;\n}\n<\/style>\n<\/div>\n","protected":false},"excerpt":{"rendered":"<ul>\n<li>Fe\u021be de pern\u0103 din catifea (poliester 100%) \u0219i f\u0103r\u0103 umplutur\u0103<\/li>\n<li>Calitate premium: Fabricat\u0103 din material moale \u0219i gros de catifea, cus\u0103turile str\u00e2nse ofer\u0103 o durabilitate mai bun\u0103 \u0219i evit\u0103 uzura \u0219i ruperea. Designul robust cu fermoar ascuns face ca fa\u021ba de pern\u0103 s\u0103 fie u\u0219or deta\u0219abil\u0103 \u0219i lavabil\u0103.<\/li>\n<li>Design creativ: Designerul a ales pietrele naturale ca obiect principal de crea\u021bie \u0219i a conceput diferite stiluri de perne decorative din piatr\u0103. Aceste perne realiste din piatr\u0103 ofer\u0103 o atmosfer\u0103 natural\u0103 bogat\u0103 \u00een interior.<\/li>\n<li>Pern\u0103 decorativ\u0103: Dac\u0103 sunte\u021bi \u00een c\u0103utarea a ceva diferit pentru decorul camerei dvs. de zi, atunci nu pute\u021bi rata pernele de podea din piatr\u0103 vii. Aceste perne din piatr\u0103 adaug\u0103 o not\u0103 elegant\u0103 camerei dvs. \u0219i pot schimba aspectul unei camere \u00eentr-un mod rapid \u0219i u\u0219or, pentru a face stilul casei dvs. unic. Living, canapea, canapea, pat, interior, teras\u0103, podea, exterior, dormitor, birou etc.<\/li>\n<li>Credem c\u0103 ai copiilor t\u0103i le va pl\u0103cea aceast\u0103 pern\u0103 din piatr\u0103 extrem de moale, de diferite forme, deoarece rudele lor sunt cele care se joac\u0103 cu ea. Folose\u0219te aceste perne decorative din piatr\u0103 pentru a te apropia de copiii t\u0103i \u0219i a spori afec\u021biunea dintre tine \u0219i copilul t\u0103u \u00een timpul jocului.<\/li>\n<li>Ofer\u0103-i umilei tale locuin\u021be o atmosfer\u0103 p\u0103m\u00e2nteasc\u0103, cre\u00e2nd mediul ideal de relaxare folosind aceste perne din piatr\u0103. Deghizate \u00eentr-o gr\u0103mad\u0103 de pietre dure, fiecare pern\u0103 este fabricat\u0103 din material textil de calitate superioar\u0103 \u0219i este disponibil\u0103 \u00een diferite dimensiuni \u0219i finisaje pentru a crea un peisaj realist.<\/li>\n<li>Cantitate: 7 buc\u0103\u021bi \/ set<\/li>\n<li>Dimensiune: #1 76x43 cm, #2 68x35 cm, #3 53x30 cm, #4 51x27 cm, #5 38x23 cm, #6 30x20 cm, #7 20x20 cm<\/li>\n<\/ul>","protected":false},"featured_media":107,"comment_status":"open","ping_status":"closed","template":"","meta":[],"product_brand":[],"product_cat":[18],"product_tag":[19,28,20,26,21,30,29],"class_list":{"0":"post-113","1":"product","2":"type-product","3":"status-publish","4":"has-post-thumbnail","6":"product_cat-pebble-seats","7":"product_tag-living-stone-pillows","8":"product_tag-pebble-floor-cushions","9":"product_tag-pebble-pillows","10":"product_tag-rock-cushions","11":"product_tag-rock-pillows","12":"product_tag-soft-rock-pillows","13":"product_tag-stone-cushions","15":"first","16":"instock","17":"shipping-taxable","18":"purchasable","19":"product-type-variable","20":"has-default-attributes"},"_links":{"self":[{"href":"https:\/\/www.pebblecushions.com\/ro\/wp-json\/wp\/v2\/product\/113","targetHints":{"allow":["GET"]}}],"collection":[{"href":"https:\/\/www.pebblecushions.com\/ro\/wp-json\/wp\/v2\/product"}],"about":[{"href":"https:\/\/www.pebblecushions.com\/ro\/wp-json\/wp\/v2\/types\/product"}],"replies":[{"embeddable":true,"href":"https:\/\/www.pebblecushions.com\/ro\/wp-json\/wp\/v2\/comments?post=113"}],"wp:featuredmedia":[{"embeddable":true,"href":"https:\/\/www.pebblecushions.com\/ro\/wp-json\/wp\/v2\/media\/107"}],"wp:attachment":[{"href":"https:\/\/www.pebblecushions.com\/ro\/wp-json\/wp\/v2\/media?parent=113"}],"wp:term":[{"taxonomy":"product_brand","embeddable":true,"href":"https:\/\/www.pebblecushions.com\/ro\/wp-json\/wp\/v2\/product_brand?post=113"},{"taxonomy":"product_cat","embeddable":true,"href":"https:\/\/www.pebblecushions.com\/ro\/wp-json\/wp\/v2\/product_cat?post=113"},{"taxonomy":"product_tag","embeddable":true,"href":"https:\/\/www.pebblecushions.com\/ro\/wp-json\/wp\/v2\/product_tag?post=113"}],"curies":[{"name":"wp","href":"https:\/\/api.w.org\/{rel}","templated":true}]}}