{"id":268,"date":"2022-04-08T12:04:15","date_gmt":"2022-04-08T12:04:15","guid":{"rendered":"https:\/\/www.pebblecushions.com\/product\/pebble-shaped-floor-cushions-pebble-cushions-9040"},"modified":"2024-10-05T01:28:18","modified_gmt":"2024-10-05T01:28:18","slug":"perne-de-podea-in-forma-de-pietricele-perne-cu-pietricele-9040","status":"publish","type":"product","link":"https:\/\/www.pebblecushions.com\/ro\/product\/pebble-shaped-floor-cushions-pebble-cushions-9040","title":{"rendered":"Perne de podea \u00een form\u0103 de pietricele Perne cu pietricele"},"content":{"rendered":"[zc_getpagecontent mb=&#8221;mb_aplus&#8221; apid=&#8221;20&#8243;]\n<hr \/>\n<p>Pattern: pebble stone<br \/>\nImported Type: decorative stone pillow<br \/>\nPackage includes: 7PCS Mix Sizes<br \/>\nCare: Spot clean by hand only<\/p>\n<p><strong>Benefits:<\/strong><\/p>\n<p>Bring pieces of nature into your home with eco-friendly design, Set a comfortable reading and relaxing space for your home.<br \/>\nFeatured in a perfect combination of hard stone shapes and soft pillow functions, these stone pillows can not only be used as a home decor but also an interesting hug or throw for all ages.<br \/>\nThese featured stone pillows are designed according simulation stone shapes and have realistic modeling appearance.<br \/>\nthey are suitable for various scenes and purposes: mixed rock like floor decorative pillows, \u00a0plush toy, \u00a0pebble pillows.<br \/>\nWonderful for kids room, children are especially fond of playing with them whenever and wherever they catch a sight.<br \/>\nCreative style attractive shape sewing with fine workmanship invisible zipper design.<\/p>\n<p><strong>Warm Tip:<\/strong><\/p>\n<p>1. Due to the different monitor and light effect, the actual color of the item might be slightly different from the color showed on the pictures.<br \/>\n2. Please allow 1-2 cm\/ 0.39-0.78 inch errors due to different manual measurement.<br \/>\n3. Please kindly use machine wash the cover of this cushion on cold and air dry; to ensure long-time softness, we suggest not to use iron, bleach, tumble dry or dry clean.<br \/>\n4. Customers&#8217; satisfaction is our top pursuit, please contact with us if you have any curiosity\/ questions\/ suggestions about the product or our service, we will give you a response as soon as possible.<\/p>\n<div class=\"row fill_option_note row-box-shadow-2\"  id=\"row-1412986922\">\r\n\r\n\n\t<div id=\"col-726750827\" class=\"col small-12 large-12\"  >\n\t\t\t\t<div class=\"col-inner\"  >\n\t\t\t\n\t\t\t\r\n\r\n\t<div id=\"text-3667310152\" class=\"text\">\n\t\t\r\n\r\n<p>Our Pebble Cushions offer you two options when purchasing: filled and unfilled cushion covers.<\/p>\r\n<p>If you choose to purchase the unfilled cushion cover (which is definitely tempting for the price), then you will need to fill it with a soft, sturdy yet fluffy filling, or you can fill it with your old clothes, old sheets and other textiles. Or you can get high-quality Premium Fiberfill at Walmart. Doing so will help you save some of the cost of your purchase. Each Pebble Cushion Cover has a discreet zipper along the bottom, great for maintaining the image of the pebbles, and for keeping your family comfortable while you use them. Just unzip to quickly fill the cushion with fiberfill. Likewise, it\u2019s just as easy to empty it when it comes time to wash it.<\/p>\r\n<p>If you shop for a stuffed pebble cushions, we will fill it well for you and guarantee that the stuffed polyester fiberfill inside is brand new, best quality, healthy &amp; ready for use immediately.<\/p>\r\n<p>Why is it recommended to buy \"Without Stuffing\" cushioncase?<\/p>\r\n<p>Our Pebble Cushions are HUGE when full. Since shipping is based on the size of the cushions, not the weight, we have to charge a lot more. Instead, you could purchase the Pebble Cushion Cover , fill it with Premium Fiberfill on your own, and save over 80% off the normal retail price.<\/p>\r\n\t\t\n<style>\n#text-3667310152 {\n  color: rgb(0,0,0);\n}\n#text-3667310152 > * {\n  color: rgb(0,0,0);\n}\n<\/style>\n\t<\/div>\n\t\r\n\r\n\t\t<\/div>\n\t\t\t\t\t<\/div>\n\n\t\r\n\r\n\n<style>\n#row-1412986922 > .col > .col-inner {\n  padding: 20px 20px 10px 20px;\n  background-color: rgb(238, 238, 238);\n  border-radius: 5px;\n}\n<\/style>\n<\/div>\n","protected":false},"excerpt":{"rendered":"<ul>\n<li>Material: Husa acestei perne realiste din piatr\u0103 este fabricat\u0103 din catifea, u\u0219or de cur\u0103\u021bat \u0219i super confortabil\u0103 pentru a te sprijini de ea.<\/li>\n<li>Material de umplutur\u0103 (pentru op\u021biunea FRE-FILLED): Umplutura este din fibre de poliester, explodat\u0103 de un amestec special de fibre de poliester 100%, cre\u00e2nd o rezisten\u021b\u0103 extraordinar\u0103. Umplutura are o consisten\u021b\u0103 neted\u0103 \u0219i o integritate puternic\u0103 de-a lungul nenum\u0103ratelor sp\u0103l\u0103ri. Umplutura se aglomereaz\u0103 rareori \u0219i este non-alergenic\u0103.<\/li>\n<li>Design inspirat din natur\u0103: Aceste perne din piatr\u0103 au fost concepute s\u0103 semene cu pietrele; au un aspect realist, cu moliciunea \u0219i confortul unei perne.<\/li>\n<li>Func\u021bii: Poate fi folosit ca pern\u0103 de podea, pentru scaun, canapea, pern\u0103 pentru exterior, pern\u0103 decorativ\u0103, pern\u0103 tip pan\u0103; Excelent pentru c\u0103l\u0103torii lungi \u0219i camping; decor pentru cas\u0103, juc\u0103rii de plu\u0219 pentru copii, cadouri creative, dar \u0219i ca recuzit\u0103 pentru un studio foto sau o joac\u0103; Idee unic\u0103 de cadou pentru ziua de na\u0219tere, Cr\u0103ciun, cas\u0103 nou\u0103, prietenie, Ziua \u00cendr\u0103gosti\u021bilor sau etc.<\/li>\n<li>Beneficii: Accent decorativ unic pentru casa, sufrageria, dormitorul copiilor, c\u0103minul studen\u021besc, biroul, terasa sau ma\u0219ina, locul de joac\u0103 pentru copii, camera de joac\u0103 pentru copii, camera de jocuri, gr\u0103dina, gr\u0103dini\u021ba, \u0219coala, studioul foto, hotelul, clubul, barul, centrul de yoga, prezentarea de mod\u0103, spectacolul auto \u0219i alte loca\u021bii.<\/li>\n<li>U\u0219or de cur\u0103\u021bat: Fermoarul invizibil ata\u0219at face ca husa s\u0103 fie deta\u0219abil\u0103 \u0219i lavabil\u0103; Sp\u0103larea manual\u0103 este acceptabil\u0103.<\/li>\n<li>Pachetul include: 7 buc\/set, Dimensiune: #1 76x43 cm, #2 58x35 cm, #3 53x30 cm, #4 51x27 cm, #5 38x23 cm, #6 30x20 cm, #7 20x20 cm.<\/li>\n<li>Alert\u0103 de livrare \u00eent\u00e2rziat\u0103: Articolele curente vor fi expediate \u00een termen de 72 de ore de la plat\u0103 \u0219i livrate \u00een termen de 10-20 de zile.<\/li>\n<\/ul>","protected":false},"featured_media":259,"comment_status":"open","ping_status":"closed","template":"","meta":[],"product_brand":[],"product_cat":[17],"product_tag":[19,35,22,20,24,26,21,29,32],"class_list":{"0":"post-268","1":"product","2":"type-product","3":"status-publish","4":"has-post-thumbnail","6":"product_cat-pebble-cushions","7":"product_tag-living-stone-pillows","8":"product_tag-livingstones","9":"product_tag-pebble-cushions","10":"product_tag-pebble-pillows","11":"product_tag-pebble-seats","12":"product_tag-rock-cushions","13":"product_tag-rock-pillows","14":"product_tag-stone-cushions","15":"product_tag-stone-pillows","17":"first","18":"instock","19":"shipping-taxable","20":"purchasable","21":"product-type-variable","22":"has-default-attributes"},"_links":{"self":[{"href":"https:\/\/www.pebblecushions.com\/ro\/wp-json\/wp\/v2\/product\/268","targetHints":{"allow":["GET"]}}],"collection":[{"href":"https:\/\/www.pebblecushions.com\/ro\/wp-json\/wp\/v2\/product"}],"about":[{"href":"https:\/\/www.pebblecushions.com\/ro\/wp-json\/wp\/v2\/types\/product"}],"replies":[{"embeddable":true,"href":"https:\/\/www.pebblecushions.com\/ro\/wp-json\/wp\/v2\/comments?post=268"}],"wp:featuredmedia":[{"embeddable":true,"href":"https:\/\/www.pebblecushions.com\/ro\/wp-json\/wp\/v2\/media\/259"}],"wp:attachment":[{"href":"https:\/\/www.pebblecushions.com\/ro\/wp-json\/wp\/v2\/media?parent=268"}],"wp:term":[{"taxonomy":"product_brand","embeddable":true,"href":"https:\/\/www.pebblecushions.com\/ro\/wp-json\/wp\/v2\/product_brand?post=268"},{"taxonomy":"product_cat","embeddable":true,"href":"https:\/\/www.pebblecushions.com\/ro\/wp-json\/wp\/v2\/product_cat?post=268"},{"taxonomy":"product_tag","embeddable":true,"href":"https:\/\/www.pebblecushions.com\/ro\/wp-json\/wp\/v2\/product_tag?post=268"}],"curies":[{"name":"wp","href":"https:\/\/api.w.org\/{rel}","templated":true}]}}