{"id":69,"date":"2021-10-03T10:23:43","date_gmt":"2021-10-03T10:23:43","guid":{"rendered":"https:\/\/www.pebblecushions.com\/product\/huge-rock-pillows-living-stones-pillows-pebble-pillows-living-pillows-pre-filled-christmas-present-light-gray\/"},"modified":"2025-09-22T03:45:19","modified_gmt":"2025-09-22T03:45:19","slug":"perne-cu-pietricele-perne-de-podea-cu-pietricele-9001","status":"publish","type":"product","link":"https:\/\/www.pebblecushions.com\/ro\/product\/pebble-pillows-pebble-floor-cushions-9001","title":{"rendered":"Perne Pebble Perne de podea Pebble"},"content":{"rendered":"[zc_getpagecontent mb=&#8221;mb_aplus&#8221; apid=&#8221;16&#8243;]\n<div class=\"row fill_option_note row-box-shadow-2\"  id=\"row-1638755979\">\r\n\r\n\n\t<div id=\"col-983961483\" class=\"col small-12 large-12\"  >\n\t\t\t\t<div class=\"col-inner\"  >\n\t\t\t\n\t\t\t\r\n\r\n\t<div id=\"text-2097001592\" class=\"text\">\n\t\t\r\n\r\n<p>Our Pebble Cushions offer you two options when purchasing: filled and unfilled cushion covers.<\/p>\r\n<p>If you choose to purchase the unfilled cushion cover (which is definitely tempting for the price), then you will need to fill it with a soft, sturdy yet fluffy filling, or you can fill it with your old clothes, old sheets and other textiles. Or you can get high-quality Premium Fiberfill at Walmart. Doing so will help you save some of the cost of your purchase. Each Pebble Cushion Cover has a discreet zipper along the bottom, great for maintaining the image of the pebbles, and for keeping your family comfortable while you use them. Just unzip to quickly fill the cushion with fiberfill. Likewise, it\u2019s just as easy to empty it when it comes time to wash it.<\/p>\r\n<p>If you shop for a stuffed pebble cushions, we will fill it well for you and guarantee that the stuffed polyester fiberfill inside is brand new, best quality, healthy &amp; ready for use immediately.<\/p>\r\n<p>Why is it recommended to buy \"Without Stuffing\" cushioncase?<\/p>\r\n<p>Our Pebble Cushions are HUGE when full. Since shipping is based on the size of the cushions, not the weight, we have to charge a lot more. Instead, you could purchase the Pebble Cushion Cover , fill it with Premium Fiberfill on your own, and save over 80% off the normal retail price.<\/p>\r\n\t\t\n<style>\n#text-2097001592 {\n  color: rgb(0,0,0);\n}\n#text-2097001592 > * {\n  color: rgb(0,0,0);\n}\n<\/style>\n\t<\/div>\n\t\r\n\r\n\t\t<\/div>\n\t\t\t\t\t<\/div>\n\n\t\r\n\r\n\n<style>\n#row-1638755979 > .col > .col-inner {\n  padding: 20px 20px 10px 20px;\n  background-color: rgb(238, 238, 238);\n  border-radius: 5px;\n}\n<\/style>\n<\/div>\n","protected":false},"excerpt":{"rendered":"<ul>\n<li>Material: Fleece polar<\/li>\n<li>Cantitate: 6 buc\u0103\u021bi incluse<\/li>\n<li>Dimensiuni: 40x20 inci; 20x14 inci; 20x10 inci; 14x9 inci; 12x7 inci; 7x4 inci<\/li>\n<li>Culoare: Gri deschis<\/li>\n<li>Model: Piatr\u0103 natural\u0103 de culoare solid\u0103<\/li>\n<li>Material de umplutur\u0103 (pentru op\u021biunea FRE-FILLED): Umplutura este din fibre de poliester, explodat\u0103 de un amestec special de fibre de poliester 100%, cre\u00e2nd o rezisten\u021b\u0103 extraordinar\u0103. Umplutura are o consisten\u021b\u0103 neted\u0103 \u0219i o integritate puternic\u0103 de-a lungul nenum\u0103ratelor sp\u0103l\u0103ri. Umplutura se aglomereaz\u0103 rareori \u0219i este non-alergenic\u0103.<\/li>\n<li>Prezentate \u00eentr-o combina\u021bie perfect\u0103 \u00eentre formele lor dure de piatr\u0103 \u0219i func\u021biile de pern\u0103 moale, aceste perne din piatr\u0103 pot fi folosite nu doar ca un decor distinctiv pentru cas\u0103 pe podea sau mobilier, ci \u0219i ca o \u00eembr\u0103\u021bi\u0219are sau o p\u0103tur\u0103 interesant\u0103 pentru toate v\u00e2rstele.<\/li>\n<li>Perne din piatr\u0103 imprimate 3D, verisimilare: La prima vedere, nu ve\u021bi crede niciodat\u0103 c\u0103 sunt doar perne. Combin\u0103m perfect perna \u0219i \u201epiatra\u201d printr-un design ingenios. Forma de elips\u0103, curba elegant\u0103 \u0219i modelul natural al pietrei, toate acestea contribuie la aspectul pernei ca o piatr\u0103 adev\u0103rat\u0103. Aceste perne vii fac din casa noastr\u0103 un loc interesant.<\/li>\n<li>Ceea ce vezi este ceea ce prime\u0219ti.<\/li>\n<\/ul>","protected":false},"featured_media":58,"comment_status":"open","ping_status":"closed","template":"","meta":[],"product_brand":[],"product_cat":[15],"product_tag":[34,19,22,20,26,21,30,27],"class_list":{"0":"post-69","1":"product","2":"type-product","3":"status-publish","4":"has-post-thumbnail","6":"product_cat-livingstones","7":"product_tag-felt-rock-pillows","8":"product_tag-living-stone-pillows","9":"product_tag-pebble-cushions","10":"product_tag-pebble-pillows","11":"product_tag-rock-cushions","12":"product_tag-rock-pillows","13":"product_tag-soft-rock-pillows","14":"product_tag-stone-floor-pillows","16":"first","17":"instock","18":"featured","19":"shipping-taxable","20":"purchasable","21":"product-type-variable","22":"has-default-attributes"},"_links":{"self":[{"href":"https:\/\/www.pebblecushions.com\/ro\/wp-json\/wp\/v2\/product\/69","targetHints":{"allow":["GET"]}}],"collection":[{"href":"https:\/\/www.pebblecushions.com\/ro\/wp-json\/wp\/v2\/product"}],"about":[{"href":"https:\/\/www.pebblecushions.com\/ro\/wp-json\/wp\/v2\/types\/product"}],"replies":[{"embeddable":true,"href":"https:\/\/www.pebblecushions.com\/ro\/wp-json\/wp\/v2\/comments?post=69"}],"wp:featuredmedia":[{"embeddable":true,"href":"https:\/\/www.pebblecushions.com\/ro\/wp-json\/wp\/v2\/media\/58"}],"wp:attachment":[{"href":"https:\/\/www.pebblecushions.com\/ro\/wp-json\/wp\/v2\/media?parent=69"}],"wp:term":[{"taxonomy":"product_brand","embeddable":true,"href":"https:\/\/www.pebblecushions.com\/ro\/wp-json\/wp\/v2\/product_brand?post=69"},{"taxonomy":"product_cat","embeddable":true,"href":"https:\/\/www.pebblecushions.com\/ro\/wp-json\/wp\/v2\/product_cat?post=69"},{"taxonomy":"product_tag","embeddable":true,"href":"https:\/\/www.pebblecushions.com\/ro\/wp-json\/wp\/v2\/product_tag?post=69"}],"curies":[{"name":"wp","href":"https:\/\/api.w.org\/{rel}","templated":true}]}}