{"id":120,"date":"2021-10-03T12:02:02","date_gmt":"2021-10-03T12:02:02","guid":{"rendered":"https:\/\/www.pebblecushions.com\/product\/pebble-stone-rock-pillows-decorative-throw-pillows-home-decor-floor-pillows-accent-sofa-pillows-7-pieces-9019\/"},"modified":"2025-09-22T03:54:41","modified_gmt":"2025-09-22T03:54:41","slug":"vankuse-livingstones-plstene-kamenne-vankuse-9019","status":"publish","type":"product","link":"https:\/\/www.pebblecushions.com\/sk\/product\/livingstones-cushions-felt-rock-pillows-9019","title":{"rendered":"Livingstones Vank\u00fa\u0161e Felt Rock Vank\u00fa\u0161e"},"content":{"rendered":"[zc_getpagecontent mb=&#8221;mb_aplus&#8221; apid=&#8221;20&#8243;]\n<div class=\"row fill_option_note row-box-shadow-2\"  id=\"row-389473931\">\r\n\r\n\n\t<div id=\"col-83318156\" class=\"col small-12 large-12\"  >\n\t\t\t\t<div class=\"col-inner\"  >\n\t\t\t\n\t\t\t\r\n\r\n\t<div id=\"text-768791982\" class=\"text\">\n\t\t\r\n\r\n<p>Our Pebble Cushions offer you two options when purchasing: filled and unfilled cushion covers.<\/p>\r\n<p>If you choose to purchase the unfilled cushion cover (which is definitely tempting for the price), then you will need to fill it with a soft, sturdy yet fluffy filling, or you can fill it with your old clothes, old sheets and other textiles. Or you can get high-quality Premium Fiberfill at Walmart. Doing so will help you save some of the cost of your purchase. Each Pebble Cushion Cover has a discreet zipper along the bottom, great for maintaining the image of the pebbles, and for keeping your family comfortable while you use them. Just unzip to quickly fill the cushion with fiberfill. Likewise, it\u2019s just as easy to empty it when it comes time to wash it.<\/p>\r\n<p>If you shop for a stuffed pebble cushions, we will fill it well for you and guarantee that the stuffed polyester fiberfill inside is brand new, best quality, healthy &amp; ready for use immediately.<\/p>\r\n<p>Why is it recommended to buy \"Without Stuffing\" cushioncase?<\/p>\r\n<p>Our Pebble Cushions are HUGE when full. Since shipping is based on the size of the cushions, not the weight, we have to charge a lot more. Instead, you could purchase the Pebble Cushion Cover , fill it with Premium Fiberfill on your own, and save over 80% off the normal retail price.<\/p>\r\n\t\t\n<style>\n#text-768791982 {\n  color: rgb(0,0,0);\n}\n#text-768791982 > * {\n  color: rgb(0,0,0);\n}\n<\/style>\n\t<\/div>\n\t\r\n\r\n\t\t<\/div>\n\t\t\t\t\t<\/div>\n\n\t\r\n\r\n\n<style>\n#row-389473931 > .col > .col-inner {\n  padding: 20px 20px 10px 20px;\n  background-color: rgb(238, 238, 238);\n  border-radius: 5px;\n}\n<\/style>\n<\/div>\n","protected":false},"excerpt":{"rendered":"<ul>\n<li>Zamatov\u00e9 (100% polyesterov\u00e9) oblie\u010dky na vank\u00fa\u0161e bez v\u00fdplne<\/li>\n<li>Pr\u00e9miov\u00e1 kvalita: Vyroben\u00e9 z m\u00e4kk\u00e9ho a hrub\u00e9ho zamatov\u00e9ho materi\u00e1lu, pevn\u00e9 \u0161vy zais\u0165uj\u00fa lep\u0161iu odolnos\u0165 a zabra\u0148uj\u00fa strapkaniu a trhaniu. Robustn\u00fd skryt\u00fd zips umo\u017e\u0148uje \u013eahko sn\u00edmate\u013en\u00fd a prate\u013en\u00fd po\u0165ah na vank\u00fa\u0161.<\/li>\n<li>Kreat\u00edvny dizajn: Dizajn\u00e9r si ako hlavn\u00fd predmet tvorby vybral pr\u00edrodn\u00e9 kamene a navrhol r\u00f4zne \u0161t\u00fdly kamenn\u00fdch dekora\u010dn\u00fdch vank\u00fa\u0161ov. Tieto realistick\u00e9 kamenn\u00e9 vank\u00fa\u0161e v\u00e1m v interi\u00e9ri dodaj\u00fa bohat\u00fa pr\u00edrodn\u00fa atmosf\u00e9ru.<\/li>\n<li>Dekorat\u00edvny vank\u00fa\u0161: Ak h\u013ead\u00e1te nie\u010do in\u00e9 pre v\u00fdzdobu va\u0161ej ob\u00fdva\u010dky, potom si nem\u00f4\u017eete necha\u0165 ujs\u0165 v\u00fdrazn\u00e9 kamenn\u00e9 podlahov\u00e9 vank\u00fa\u0161e. Tieto kamenn\u00e9 vank\u00fa\u0161e dodaj\u00fa va\u0161ej izbe \u0161t\u00fdlov\u00fd n\u00e1dych a dok\u00e1\u017eu r\u00fdchlo a jednoducho zmeni\u0165 vzh\u013ead miestnosti, aby bol v\u00e1\u0161 domov jedine\u010dn\u00fd. Ob\u00fdva\u010dka, gau\u010d, pohovka, poste\u013e, interi\u00e9r, terasa, podlaha, exteri\u00e9r, sp\u00e1l\u0148a, kancel\u00e1ria at\u010f.<\/li>\n<li>Ver\u00edme, \u017ee va\u0161e deti si tento mimoriadne m\u00e4kk\u00fd kamenn\u00fd vank\u00fa\u0161 r\u00f4znych tvarov zamiluj\u00fa, preto\u017ee sa s n\u00edm hraj\u00fa ich pr\u00edbuzn\u00ed. Pou\u017eite tieto kamenn\u00e9 dekora\u010dn\u00e9 vank\u00fa\u0161e, aby ste sa k svojim de\u0165om pribl\u00ed\u017eili a zv\u00fd\u0161ili si tak n\u00e1klonnos\u0165 medzi vami a va\u0161\u00edm die\u0165a\u0165om po\u010das hry.<\/li>\n<li>Dodajte svojmu skromn\u00e9mu pr\u00edbytku zemit\u00fa atmosf\u00e9ru vytvoren\u00edm ide\u00e1lneho prostredia na oddych pomocou t\u00fdchto kamenn\u00fdch vank\u00fa\u0161ov. Ka\u017ed\u00fd vank\u00fa\u0161, maskovan\u00fd ako kopa tvrd\u00fdch kame\u0148ov, je vyroben\u00fd z vysoko kvalitnej l\u00e1tky a dod\u00e1va sa v r\u00f4znych ve\u013ekostiach a povrchov\u00fdch \u00faprav\u00e1ch, aby vytvoril realistick\u00fa krajinu.<\/li>\n<li>Mno\u017estvo: 7 kusov \/ sada<\/li>\n<li>Ve\u013ekos\u0165: #1 30x17 palcov, #2 23x14 palcov, #3 21x12 palcov, #4 20x11 palcov, #5 15x9 palcov, #6 12x8 palcov, #7 8x8 palcov<\/li>\n<\/ul>","protected":false},"featured_media":114,"comment_status":"open","ping_status":"closed","template":"","meta":[],"product_brand":[],"product_cat":[18],"product_tag":[19,22,20,24,26,21,27],"class_list":{"0":"post-120","1":"product","2":"type-product","3":"status-publish","4":"has-post-thumbnail","6":"product_cat-pebble-seats","7":"product_tag-living-stone-pillows","8":"product_tag-pebble-cushions","9":"product_tag-pebble-pillows","10":"product_tag-pebble-seats","11":"product_tag-rock-cushions","12":"product_tag-rock-pillows","13":"product_tag-stone-floor-pillows","15":"first","16":"instock","17":"featured","18":"shipping-taxable","19":"purchasable","20":"product-type-variable","21":"has-default-attributes"},"_links":{"self":[{"href":"https:\/\/www.pebblecushions.com\/sk\/wp-json\/wp\/v2\/product\/120","targetHints":{"allow":["GET"]}}],"collection":[{"href":"https:\/\/www.pebblecushions.com\/sk\/wp-json\/wp\/v2\/product"}],"about":[{"href":"https:\/\/www.pebblecushions.com\/sk\/wp-json\/wp\/v2\/types\/product"}],"replies":[{"embeddable":true,"href":"https:\/\/www.pebblecushions.com\/sk\/wp-json\/wp\/v2\/comments?post=120"}],"wp:featuredmedia":[{"embeddable":true,"href":"https:\/\/www.pebblecushions.com\/sk\/wp-json\/wp\/v2\/media\/114"}],"wp:attachment":[{"href":"https:\/\/www.pebblecushions.com\/sk\/wp-json\/wp\/v2\/media?parent=120"}],"wp:term":[{"taxonomy":"product_brand","embeddable":true,"href":"https:\/\/www.pebblecushions.com\/sk\/wp-json\/wp\/v2\/product_brand?post=120"},{"taxonomy":"product_cat","embeddable":true,"href":"https:\/\/www.pebblecushions.com\/sk\/wp-json\/wp\/v2\/product_cat?post=120"},{"taxonomy":"product_tag","embeddable":true,"href":"https:\/\/www.pebblecushions.com\/sk\/wp-json\/wp\/v2\/product_tag?post=120"}],"curies":[{"name":"wp","href":"https:\/\/api.w.org\/{rel}","templated":true}]}}