{"id":279,"date":"2022-04-08T12:06:41","date_gmt":"2022-04-08T12:06:41","guid":{"rendered":"https:\/\/www.pebblecushions.com\/product\/decorative-pebble-floor-cushions-pebble-cushions-9039"},"modified":"2024-10-05T01:28:18","modified_gmt":"2024-10-05T01:28:18","slug":"dekorativne-kamienkove-podlahove-vankuse-kamienkove-vankuse-9039","status":"publish","type":"product","link":"https:\/\/www.pebblecushions.com\/sk\/product\/decorative-pebble-floor-cushions-pebble-cushions-9039","title":{"rendered":"Dekorat\u00edvne kamienkov\u00e9 podlahov\u00e9 vank\u00fa\u0161e Kamienkov\u00e9 vank\u00fa\u0161e"},"content":{"rendered":"[zc_getpagecontent mb=&#8221;mb_aplus&#8221; apid=&#8221;20&#8243;]\n<hr \/>\n<p>Pattern: pebble stone<br \/>\nImported Type: decorative stone pillow<br \/>\nPackage includes: 7PCS Mix Sizes<br \/>\nCare: Spot clean by hand only<\/p>\n<p><strong>Benefits:<\/strong><\/p>\n<p>Bring pieces of nature into your home with eco-friendly design, Set a comfortable reading and relaxing space for your home.<br \/>\nFeatured in a perfect combination of hard stone shapes and soft pillow functions, these stone pillows can not only be used as a home decor but also an interesting hug or throw for all ages.<br \/>\nThese featured stone pillows are designed according simulation stone shapes and have realistic modeling appearance.<br \/>\nthey are suitable for various scenes and purposes: mixed rock like floor decorative pillows, \u00a0plush toy, \u00a0pebble pillows.<br \/>\nWonderful for kids room, children are especially fond of playing with them whenever and wherever they catch a sight.<br \/>\nCreative style attractive shape sewing with fine workmanship invisible zipper design.<\/p>\n<p><strong>Warm Tip:<\/strong><\/p>\n<p>1. Due to the different monitor and light effect, the actual color of the item might be slightly different from the color showed on the pictures.<br \/>\n2. Please allow 1-2 cm\/ 0.39-0.78 inch errors due to different manual measurement.<br \/>\n3. Please kindly use machine wash the cover of this cushion on cold and air dry; to ensure long-time softness, we suggest not to use iron, bleach, tumble dry or dry clean.<br \/>\n4. Customers&#8217; satisfaction is our top pursuit, please contact with us if you have any curiosity\/ questions\/ suggestions about the product or our service, we will give you a response as soon as possible.<\/p>\n<div class=\"row fill_option_note row-box-shadow-2\"  id=\"row-1011239223\">\r\n\r\n\n\t<div id=\"col-1715518115\" class=\"col small-12 large-12\"  >\n\t\t\t\t<div class=\"col-inner\"  >\n\t\t\t\n\t\t\t\r\n\r\n\t<div id=\"text-1561338318\" class=\"text\">\n\t\t\r\n\r\n<p>Our Pebble Cushions offer you two options when purchasing: filled and unfilled cushion covers.<\/p>\r\n<p>If you choose to purchase the unfilled cushion cover (which is definitely tempting for the price), then you will need to fill it with a soft, sturdy yet fluffy filling, or you can fill it with your old clothes, old sheets and other textiles. Or you can get high-quality Premium Fiberfill at Walmart. Doing so will help you save some of the cost of your purchase. Each Pebble Cushion Cover has a discreet zipper along the bottom, great for maintaining the image of the pebbles, and for keeping your family comfortable while you use them. Just unzip to quickly fill the cushion with fiberfill. Likewise, it\u2019s just as easy to empty it when it comes time to wash it.<\/p>\r\n<p>If you shop for a stuffed pebble cushions, we will fill it well for you and guarantee that the stuffed polyester fiberfill inside is brand new, best quality, healthy &amp; ready for use immediately.<\/p>\r\n<p>Why is it recommended to buy \"Without Stuffing\" cushioncase?<\/p>\r\n<p>Our Pebble Cushions are HUGE when full. Since shipping is based on the size of the cushions, not the weight, we have to charge a lot more. Instead, you could purchase the Pebble Cushion Cover , fill it with Premium Fiberfill on your own, and save over 80% off the normal retail price.<\/p>\r\n\t\t\n<style>\n#text-1561338318 {\n  color: rgb(0,0,0);\n}\n#text-1561338318 > * {\n  color: rgb(0,0,0);\n}\n<\/style>\n\t<\/div>\n\t\r\n\r\n\t\t<\/div>\n\t\t\t\t\t<\/div>\n\n\t\r\n\r\n\n<style>\n#row-1011239223 > .col > .col-inner {\n  padding: 20px 20px 10px 20px;\n  background-color: rgb(238, 238, 238);\n  border-radius: 5px;\n}\n<\/style>\n<\/div>\n","protected":false},"excerpt":{"rendered":"<ul>\n<li>Materi\u00e1l: Po\u0165ah tohto realistick\u00e9ho vank\u00fa\u0161a s mot\u00edvom kame\u0148a je vyroben\u00fd zo zamatu, \u013eahko sa \u010dist\u00ed a je mimoriadne pohodln\u00fd na opieranie.<\/li>\n<li>V\u00fdpl\u0148ov\u00fd materi\u00e1l (pre mo\u017enos\u0165 FRE-FILLED): V\u00fdpl\u0148 je polyesterov\u00e1 vl\u00e1knit\u00e1 v\u00fdpl\u0148, ktor\u00e1 je explodovan\u00e1 \u0161peci\u00e1lnou zmesou polyesterov\u00fdch vl\u00e1kien 100%, \u010do vytv\u00e1ra mimoriadnu odolnos\u0165. V\u00fdpl\u0148 m\u00e1 hladk\u00fa konzistenciu a pevn\u00fa celistvos\u0165 aj napriek nespo\u010detn\u00fdm praniam. V\u00fdpl\u0148 sa zriedkavo zhlukuje a je nealerg\u00e9nna.<\/li>\n<li>Dizajn in\u0161pirovan\u00fd pr\u00edrodou: Tieto vank\u00fa\u0161e z kame\u0148ov boli navrhnut\u00e9 tak, aby pripom\u00ednali kamene; vyzna\u010duj\u00fa sa realistick\u00fdm vzh\u013eadom a z\u00e1rove\u0148 m\u00e4kkos\u0165ou a pohodl\u00edm vank\u00fa\u0161a.<\/li>\n<li>Funkcie: M\u00f4\u017ee sa pou\u017ei\u0165 ako podlaha, stoli\u010dka, pohovka, gau\u010d, vonkaj\u0161ie vank\u00fa\u0161e, dekora\u010dn\u00e9 vank\u00fa\u0161e, klinov\u00e9 vank\u00fa\u0161e; Skvel\u00e9 na dlh\u00e9 v\u00fdlety a kempovanie; bytov\u00e9 dekor\u00e1cie, detsk\u00e9 ply\u0161ov\u00e9 hra\u010dky, kreat\u00edvne dar\u010deky, tie\u017e ako rekvizity do fotografick\u00e9ho \u0161t\u00fadia alebo na hranie; Jedine\u010dn\u00fd n\u00e1pad na dar\u010dek na narodeniny, Vianoce, kolaud\u00e1ciu, priate\u013estvo, Valent\u00edn at\u010f.<\/li>\n<li>V\u00fdhody: Jedine\u010dn\u00fd dekorat\u00edvny doplnok pre v\u00e1\u0161 domov, ob\u00fdva\u010dku, detsk\u00fa sp\u00e1l\u0148u, intern\u00e1t, kancel\u00e1riu, terasu alebo auto, detsk\u00e9 ihrisko, her\u0148u, z\u00e1hradu, \u0161k\u00f4lku, \u0161kolu, fotografick\u00e9 \u0161t\u00fadio, hotel, klub, bar, centrum jogy, v\u00fdstavu, m\u00f3dnu prehliadku, autosal\u00f3n a in\u00e9 miesta.<\/li>\n<li>Jednoduch\u00e9 \u010distenie: Pripevnen\u00fd nevidite\u013en\u00fd zips umo\u017e\u0148uje odn\u00edmate\u013en\u00fd a prate\u013en\u00fd po\u0165ah; Ru\u010dn\u00e9 pranie je prijate\u013en\u00e9.<\/li>\n<li>Balenie obsahuje: 7 ks\/sada, rozmery: #1 30x17 palcov, #2 23x14 palcov, #3 21x12 palcov, #4 20x11 palcov, #5 15x9 palcov, #6 12x8 palcov, #7 8x8 palcov.<\/li>\n<li>Upozornenie na oneskoren\u00e9 doru\u010denie: Aktu\u00e1lne polo\u017eky bud\u00fa odoslan\u00e9 do 72 hod\u00edn od zaplatenia a doru\u010den\u00e9 do 10 \u2013 20 dn\u00ed.<\/li>\n<\/ul>","protected":false},"featured_media":269,"comment_status":"open","ping_status":"closed","template":"","meta":[],"product_brand":[],"product_cat":[17],"product_tag":[19,35,22,20,24,26,21,29,32],"class_list":{"0":"post-279","1":"product","2":"type-product","3":"status-publish","4":"has-post-thumbnail","6":"product_cat-pebble-cushions","7":"product_tag-living-stone-pillows","8":"product_tag-livingstones","9":"product_tag-pebble-cushions","10":"product_tag-pebble-pillows","11":"product_tag-pebble-seats","12":"product_tag-rock-cushions","13":"product_tag-rock-pillows","14":"product_tag-stone-cushions","15":"product_tag-stone-pillows","17":"first","18":"instock","19":"shipping-taxable","20":"purchasable","21":"product-type-variable","22":"has-default-attributes"},"_links":{"self":[{"href":"https:\/\/www.pebblecushions.com\/sk\/wp-json\/wp\/v2\/product\/279","targetHints":{"allow":["GET"]}}],"collection":[{"href":"https:\/\/www.pebblecushions.com\/sk\/wp-json\/wp\/v2\/product"}],"about":[{"href":"https:\/\/www.pebblecushions.com\/sk\/wp-json\/wp\/v2\/types\/product"}],"replies":[{"embeddable":true,"href":"https:\/\/www.pebblecushions.com\/sk\/wp-json\/wp\/v2\/comments?post=279"}],"wp:featuredmedia":[{"embeddable":true,"href":"https:\/\/www.pebblecushions.com\/sk\/wp-json\/wp\/v2\/media\/269"}],"wp:attachment":[{"href":"https:\/\/www.pebblecushions.com\/sk\/wp-json\/wp\/v2\/media?parent=279"}],"wp:term":[{"taxonomy":"product_brand","embeddable":true,"href":"https:\/\/www.pebblecushions.com\/sk\/wp-json\/wp\/v2\/product_brand?post=279"},{"taxonomy":"product_cat","embeddable":true,"href":"https:\/\/www.pebblecushions.com\/sk\/wp-json\/wp\/v2\/product_cat?post=279"},{"taxonomy":"product_tag","embeddable":true,"href":"https:\/\/www.pebblecushions.com\/sk\/wp-json\/wp\/v2\/product_tag?post=279"}],"curies":[{"name":"wp","href":"https:\/\/api.w.org\/{rel}","templated":true}]}}