{"id":69,"date":"2021-10-03T10:23:43","date_gmt":"2021-10-03T10:23:43","guid":{"rendered":"https:\/\/www.pebblecushions.com\/product\/huge-rock-pillows-living-stones-pillows-pebble-pillows-living-pillows-pre-filled-christmas-present-light-gray\/"},"modified":"2025-09-22T03:45:19","modified_gmt":"2025-09-22T03:45:19","slug":"kamienkove-vankuse-kamienkove-podlahove-vankuse-9001","status":"publish","type":"product","link":"https:\/\/www.pebblecushions.com\/sk\/product\/pebble-pillows-pebble-floor-cushions-9001","title":{"rendered":"Kamienkov\u00e9 vank\u00fa\u0161e Kamienkov\u00e9 podlahov\u00e9 vank\u00fa\u0161e"},"content":{"rendered":"[zc_getpagecontent mb=&#8221;mb_aplus&#8221; apid=&#8221;16&#8243;]\n<div class=\"row fill_option_note row-box-shadow-2\"  id=\"row-735831717\">\r\n\r\n\n\t<div id=\"col-105086116\" class=\"col small-12 large-12\"  >\n\t\t\t\t<div class=\"col-inner\"  >\n\t\t\t\n\t\t\t\r\n\r\n\t<div id=\"text-4233523848\" class=\"text\">\n\t\t\r\n\r\n<p>Our Pebble Cushions offer you two options when purchasing: filled and unfilled cushion covers.<\/p>\r\n<p>If you choose to purchase the unfilled cushion cover (which is definitely tempting for the price), then you will need to fill it with a soft, sturdy yet fluffy filling, or you can fill it with your old clothes, old sheets and other textiles. Or you can get high-quality Premium Fiberfill at Walmart. Doing so will help you save some of the cost of your purchase. Each Pebble Cushion Cover has a discreet zipper along the bottom, great for maintaining the image of the pebbles, and for keeping your family comfortable while you use them. Just unzip to quickly fill the cushion with fiberfill. Likewise, it\u2019s just as easy to empty it when it comes time to wash it.<\/p>\r\n<p>If you shop for a stuffed pebble cushions, we will fill it well for you and guarantee that the stuffed polyester fiberfill inside is brand new, best quality, healthy &amp; ready for use immediately.<\/p>\r\n<p>Why is it recommended to buy \"Without Stuffing\" cushioncase?<\/p>\r\n<p>Our Pebble Cushions are HUGE when full. Since shipping is based on the size of the cushions, not the weight, we have to charge a lot more. Instead, you could purchase the Pebble Cushion Cover , fill it with Premium Fiberfill on your own, and save over 80% off the normal retail price.<\/p>\r\n\t\t\n<style>\n#text-4233523848 {\n  color: rgb(0,0,0);\n}\n#text-4233523848 > * {\n  color: rgb(0,0,0);\n}\n<\/style>\n\t<\/div>\n\t\r\n\r\n\t\t<\/div>\n\t\t\t\t\t<\/div>\n\n\t\r\n\r\n\n<style>\n#row-735831717 > .col > .col-inner {\n  padding: 20px 20px 10px 20px;\n  background-color: rgb(238, 238, 238);\n  border-radius: 5px;\n}\n<\/style>\n<\/div>\n","protected":false},"excerpt":{"rendered":"<ul>\n<li>Materi\u00e1l: Polar Fleece<\/li>\n<li>Mno\u017estvo: 6 kusov v balen\u00ed<\/li>\n<li>Rozmery: 40x20 palcov; 20x14 palcov; 20x10 palcov; 14x9 palcov; 12x7 palcov; 7x4 palce<\/li>\n<li>Farba: Svetlosiv\u00e1<\/li>\n<li>Vzor: Jednofarebn\u00fd pr\u00edrodn\u00fd kame\u0148<\/li>\n<li>V\u00fdpl\u0148ov\u00fd materi\u00e1l (pre mo\u017enos\u0165 FRE-FILLED): V\u00fdpl\u0148 je polyesterov\u00e1 vl\u00e1knit\u00e1 v\u00fdpl\u0148, ktor\u00e1 je explodovan\u00e1 \u0161peci\u00e1lnou zmesou polyesterov\u00fdch vl\u00e1kien 100%, \u010do vytv\u00e1ra mimoriadnu odolnos\u0165. V\u00fdpl\u0148 m\u00e1 hladk\u00fa konzistenciu a pevn\u00fa celistvos\u0165 aj napriek nespo\u010detn\u00fdm praniam. V\u00fdpl\u0148 sa zriedkavo zhlukuje a je nealerg\u00e9nna.<\/li>\n<li>Tieto kamenn\u00e9 vank\u00fa\u0161e, ktor\u00e9 sa vyzna\u010duj\u00fa dokonalou kombin\u00e1ciou tvarov z tvrd\u00e9ho kame\u0148a a m\u00e4kkej funkcie vank\u00fa\u0161a, sa daj\u00fa pou\u017ei\u0165 nielen ako v\u00fdrazn\u00e1 bytov\u00e1 dekor\u00e1cia na podlahu alebo n\u00e1bytok, ale aj ako zauj\u00edmav\u00e9 objatie alebo prikr\u00fdvka pre v\u0161etky vekov\u00e9 kateg\u00f3rie.<\/li>\n<li>Verisimilar 3D tla\u010den\u00e9 kamenn\u00e9 vank\u00fa\u0161e: Na prv\u00fd poh\u013ead si nikdy nebudete myslie\u0165, \u017ee s\u00fa to len vank\u00fa\u0161e. Vank\u00fa\u0161 a \u201ekame\u0148\u201c sme dokonale skombinovali pomocou d\u00f4myseln\u00e9ho dizajnu. Elipsovit\u00fd tvar, elegantn\u00e1 krivka a vzor pr\u00edrodn\u00e9ho kame\u0148a, to v\u0161etko spolu vytv\u00e1ra dojem, \u017ee vank\u00fa\u0161 vyzer\u00e1 ako skuto\u010dn\u00fd kame\u0148. Tieto \u017eiariv\u00e9 vank\u00fa\u0161e robia z n\u00e1\u0161ho domova zauj\u00edmav\u00e9 miesto.<\/li>\n<li>\u010co vid\u00edte, to dostanete.<\/li>\n<\/ul>","protected":false},"featured_media":58,"comment_status":"open","ping_status":"closed","template":"","meta":[],"product_brand":[],"product_cat":[15],"product_tag":[34,19,22,20,26,21,30,27],"class_list":{"0":"post-69","1":"product","2":"type-product","3":"status-publish","4":"has-post-thumbnail","6":"product_cat-livingstones","7":"product_tag-felt-rock-pillows","8":"product_tag-living-stone-pillows","9":"product_tag-pebble-cushions","10":"product_tag-pebble-pillows","11":"product_tag-rock-cushions","12":"product_tag-rock-pillows","13":"product_tag-soft-rock-pillows","14":"product_tag-stone-floor-pillows","16":"first","17":"instock","18":"featured","19":"shipping-taxable","20":"purchasable","21":"product-type-variable","22":"has-default-attributes"},"_links":{"self":[{"href":"https:\/\/www.pebblecushions.com\/sk\/wp-json\/wp\/v2\/product\/69","targetHints":{"allow":["GET"]}}],"collection":[{"href":"https:\/\/www.pebblecushions.com\/sk\/wp-json\/wp\/v2\/product"}],"about":[{"href":"https:\/\/www.pebblecushions.com\/sk\/wp-json\/wp\/v2\/types\/product"}],"replies":[{"embeddable":true,"href":"https:\/\/www.pebblecushions.com\/sk\/wp-json\/wp\/v2\/comments?post=69"}],"wp:featuredmedia":[{"embeddable":true,"href":"https:\/\/www.pebblecushions.com\/sk\/wp-json\/wp\/v2\/media\/58"}],"wp:attachment":[{"href":"https:\/\/www.pebblecushions.com\/sk\/wp-json\/wp\/v2\/media?parent=69"}],"wp:term":[{"taxonomy":"product_brand","embeddable":true,"href":"https:\/\/www.pebblecushions.com\/sk\/wp-json\/wp\/v2\/product_brand?post=69"},{"taxonomy":"product_cat","embeddable":true,"href":"https:\/\/www.pebblecushions.com\/sk\/wp-json\/wp\/v2\/product_cat?post=69"},{"taxonomy":"product_tag","embeddable":true,"href":"https:\/\/www.pebblecushions.com\/sk\/wp-json\/wp\/v2\/product_tag?post=69"}],"curies":[{"name":"wp","href":"https:\/\/api.w.org\/{rel}","templated":true}]}}