{"id":113,"date":"2021-10-03T12:01:45","date_gmt":"2021-10-03T12:01:45","guid":{"rendered":"https:\/\/www.pebblecushions.com\/product\/living-stone-pillows-rock-pillows-pebble-cushions-decorative-floor-pillows-accent-throw-pillows-fun-birthday-gift-7-pieces-9013\/"},"modified":"2024-10-03T23:26:23","modified_gmt":"2024-10-03T23:26:23","slug":"blazine-za-kamnita-tla-blazine-za-prodnata-tla-9013","status":"publish","type":"product","link":"https:\/\/www.pebblecushions.com\/sl\/product\/stone-floor-pillows-pebble-floor-cushions-9013","title":{"rendered":"Blazine za kamnita tla Blazine za prodnata tla"},"content":{"rendered":"[zc_getpagecontent mb=&#8221;mb_aplus&#8221; apid=&#8221;20&#8243;]\n<div class=\"row fill_option_note row-box-shadow-2\"  id=\"row-1969070426\">\r\n\r\n\n\t<div id=\"col-150841396\" class=\"col small-12 large-12\"  >\n\t\t\t\t<div class=\"col-inner\"  >\n\t\t\t\n\t\t\t\r\n\r\n\t<div id=\"text-1231451435\" class=\"text\">\n\t\t\r\n\r\n<p>Our Pebble Cushions offer you two options when purchasing: filled and unfilled cushion covers.<\/p>\r\n<p>If you choose to purchase the unfilled cushion cover (which is definitely tempting for the price), then you will need to fill it with a soft, sturdy yet fluffy filling, or you can fill it with your old clothes, old sheets and other textiles. Or you can get high-quality Premium Fiberfill at Walmart. Doing so will help you save some of the cost of your purchase. Each Pebble Cushion Cover has a discreet zipper along the bottom, great for maintaining the image of the pebbles, and for keeping your family comfortable while you use them. Just unzip to quickly fill the cushion with fiberfill. Likewise, it\u2019s just as easy to empty it when it comes time to wash it.<\/p>\r\n<p>If you shop for a stuffed pebble cushions, we will fill it well for you and guarantee that the stuffed polyester fiberfill inside is brand new, best quality, healthy &amp; ready for use immediately.<\/p>\r\n<p>Why is it recommended to buy \"Without Stuffing\" cushioncase?<\/p>\r\n<p>Our Pebble Cushions are HUGE when full. Since shipping is based on the size of the cushions, not the weight, we have to charge a lot more. Instead, you could purchase the Pebble Cushion Cover , fill it with Premium Fiberfill on your own, and save over 80% off the normal retail price.<\/p>\r\n\t\t\n<style>\n#text-1231451435 {\n  color: rgb(0,0,0);\n}\n#text-1231451435 > * {\n  color: rgb(0,0,0);\n}\n<\/style>\n\t<\/div>\n\t\r\n\r\n\t\t<\/div>\n\t\t\t\t\t<\/div>\n\n\t\r\n\r\n\n<style>\n#row-1969070426 > .col > .col-inner {\n  padding: 20px 20px 10px 20px;\n  background-color: rgb(238, 238, 238);\n  border-radius: 5px;\n}\n<\/style>\n<\/div>\n","protected":false},"excerpt":{"rendered":"<ul>\n<li>\u017dametne (100% poliester) prevleke za vzglavnike brez polnila<\/li>\n<li>Vrhunska kakovost: Izdelana iz mehkega in debelega \u017eametnega materiala, tesni \u0161ivi zagotavljajo bolj\u0161o vzdr\u017eljivost in prepre\u010dujejo cefranje in trganje. Zaradi robustne skrite zadrge je prevleka za vzglavnik enostavno snemljiva in pralna.<\/li>\n<li>Kreativno oblikovanje: Oblikovalec je za glavni predmet ustvarjanja izbral naravne kamne in oblikoval razli\u010dne sloge okrasnih blazin iz kamna. Te realisti\u010dne kamnite blazine vam v notranjosti ustvarijo bogato naravno vzdu\u0161je.<\/li>\n<li>Dekorativna okrasna blazina: \u010ce i\u0161\u010dete nekaj druga\u010dnega za dekoracijo svoje dnevne sobe, potem ne smete zgre\u0161iti \u017eivahnih kamnitih talnih blazin. Te kamnite blazine dodajo va\u0161i sobi eleganten pridih in lahko hitro in enostavno spremenijo videz sobe, da bo va\u0161 dom edinstven. Dnevna soba, kav\u010d, zofa, postelja, notranjost, terasa, tla, zunanjost, spalnica, pisarna itd.<\/li>\n<li>Verjamemo, da bodo va\u0161i otroci obo\u017eevali to izjemno mehko kamnito blazino razli\u010dnih oblik, saj se z njo igrajo njihovi sorodniki. Uporabite te kamnite okrasne blazine, da se boste med igro zbli\u017eali s svojimi otroki in okrepili naklonjenost med njimi.<\/li>\n<li>Dajte svojemu skromnemu bivali\u0161\u010du zemeljski pridih z ustvarjanjem idealnega okolja za spro\u0161\u010danje s temi kamnitimi blazinami. Vsaka blazina, preoble\u010dena v kup trdih kamnov, je izdelana iz vrhunske tkanine in je na voljo v razli\u010dnih velikostih in z razli\u010dnimi izvedbami, da ustvari realisti\u010dno pokrajino.<\/li>\n<li>Koli\u010dina: 7 kosov \/ komplet<\/li>\n<li>Velikost: #1 30x17 palcev, #2 23x14 palcev, #3 21x12 palcev, #4 20x11 palcev, #5 15x9 palcev, #6 12x8 palcev, #7 8x8 palcev<\/li>\n<\/ul>","protected":false},"featured_media":107,"comment_status":"open","ping_status":"closed","template":"","meta":[],"product_brand":[],"product_cat":[18],"product_tag":[19,28,20,26,21,30,29],"class_list":{"0":"post-113","1":"product","2":"type-product","3":"status-publish","4":"has-post-thumbnail","6":"product_cat-pebble-seats","7":"product_tag-living-stone-pillows","8":"product_tag-pebble-floor-cushions","9":"product_tag-pebble-pillows","10":"product_tag-rock-cushions","11":"product_tag-rock-pillows","12":"product_tag-soft-rock-pillows","13":"product_tag-stone-cushions","15":"first","16":"instock","17":"shipping-taxable","18":"purchasable","19":"product-type-variable","20":"has-default-attributes"},"_links":{"self":[{"href":"https:\/\/www.pebblecushions.com\/sl\/wp-json\/wp\/v2\/product\/113","targetHints":{"allow":["GET"]}}],"collection":[{"href":"https:\/\/www.pebblecushions.com\/sl\/wp-json\/wp\/v2\/product"}],"about":[{"href":"https:\/\/www.pebblecushions.com\/sl\/wp-json\/wp\/v2\/types\/product"}],"replies":[{"embeddable":true,"href":"https:\/\/www.pebblecushions.com\/sl\/wp-json\/wp\/v2\/comments?post=113"}],"wp:featuredmedia":[{"embeddable":true,"href":"https:\/\/www.pebblecushions.com\/sl\/wp-json\/wp\/v2\/media\/107"}],"wp:attachment":[{"href":"https:\/\/www.pebblecushions.com\/sl\/wp-json\/wp\/v2\/media?parent=113"}],"wp:term":[{"taxonomy":"product_brand","embeddable":true,"href":"https:\/\/www.pebblecushions.com\/sl\/wp-json\/wp\/v2\/product_brand?post=113"},{"taxonomy":"product_cat","embeddable":true,"href":"https:\/\/www.pebblecushions.com\/sl\/wp-json\/wp\/v2\/product_cat?post=113"},{"taxonomy":"product_tag","embeddable":true,"href":"https:\/\/www.pebblecushions.com\/sl\/wp-json\/wp\/v2\/product_tag?post=113"}],"curies":[{"name":"wp","href":"https:\/\/api.w.org\/{rel}","templated":true}]}}