{"id":19034,"date":"2026-03-01T02:17:08","date_gmt":"2026-03-01T02:17:08","guid":{"rendered":"https:\/\/www.pebblecushions.com\/product\/neo-livingstones-pebble-cushions-pebble-pillows-rock-pillows-set"},"modified":"2026-03-02T20:26:46","modified_gmt":"2026-03-02T20:26:46","slug":"neo-livingstones-prodnate-blazine-prodnate-blazine-komplet-kamnitih-blazin","status":"publish","type":"product","link":"https:\/\/www.pebblecushions.com\/sl\/product\/neo-livingstones-pebble-cushions-pebble-pillows-rock-pillows-set","title":{"rendered":"Neo-LivingStones Pebble Cushions Pebble Pillows Set kamnitih blazin"},"content":{"rendered":"[zc_getpagecontent mb=&#8221;mb_aplus&#8221; apid=&#8221;165&#8243;]\n","protected":false},"excerpt":{"rendered":"<ul>\n<li>Kombinirajte velikosti: Na voljo v \u0161estih razli\u010dnih velikostih (od 20 cm do 95 cm dol\u017eine) in blazine Soft Stone lahko zlo\u017eite, razporedite ali zdru\u017eite, da ustvarite svoj personaliziran mehak prostor za sprostitev. Odli\u010dne so kot tabureji, sede\u017ene garniture ali okrasne blazine.<\/li>\n<li>Kakovosten material: Te blazine so izdelane iz mehkega, podpornega polipropilenskega (PP) bomba\u017ea in vrhunske kompozitne pletenine iz bru\u0161ene poliestre, zato so idealne za sprostitev, sedenje, pole\u017eavanje ali celo domi\u0161ljijsko igro. Podporne, a hkrati pli\u0161aste.<\/li>\n<li>Enostavno vzdr\u017eevanje in postavitev: Ni potrebno sestavljanje in je lahka. Nedrse\u010da spodnja stran za varnost. Preprosto o\u010distite z vla\u017eno krpo. Zadrge lahko po potrebi odklenete s sponko za papir \u2013 glejte prilo\u017eeni foto vodi\u010d.<\/li>\n<li>Posebna tehnika izdelave: Pri zunanjem oblikovanju na\u0161ih izdelkov uporabljamo napredne tehnike \u0161ivanja panelov, kar zagotavlja ne\u017een in prefinjen videz.<\/li>\n<li>Naprodaj v 4 kombinacijah kompletov: Izberite med \u0161tirimi izbranimi kompleti \u2013 za natan\u010dno vsebino kompleta si oglejte slike izdelkov; kar vidite, to dobite.<\/li>\n<li>Lansiranje novega izdelka: 90-dnevno jamstvo cene. \u010ce cena pade v 90 dneh, vam bomo razliko povrnili.<\/li>\n<li>Politika vra\u010dila in zamenjave: Kupci so odgovorni za stro\u0161ke po\u0161iljanja v primeru vra\u010dila ali zamenjave.<\/li>\n<\/ul>","protected":false},"featured_media":19016,"comment_status":"open","ping_status":"closed","template":"","meta":[],"product_brand":[],"product_cat":[15],"product_tag":[],"class_list":{"0":"post-19034","1":"product","2":"type-product","3":"status-publish","4":"has-post-thumbnail","6":"product_cat-livingstones","8":"first","9":"instock","10":"sold-individually","11":"shipping-taxable","12":"purchasable","13":"product-type-variable","14":"has-default-attributes"},"_links":{"self":[{"href":"https:\/\/www.pebblecushions.com\/sl\/wp-json\/wp\/v2\/product\/19034","targetHints":{"allow":["GET"]}}],"collection":[{"href":"https:\/\/www.pebblecushions.com\/sl\/wp-json\/wp\/v2\/product"}],"about":[{"href":"https:\/\/www.pebblecushions.com\/sl\/wp-json\/wp\/v2\/types\/product"}],"replies":[{"embeddable":true,"href":"https:\/\/www.pebblecushions.com\/sl\/wp-json\/wp\/v2\/comments?post=19034"}],"wp:featuredmedia":[{"embeddable":true,"href":"https:\/\/www.pebblecushions.com\/sl\/wp-json\/wp\/v2\/media\/19016"}],"wp:attachment":[{"href":"https:\/\/www.pebblecushions.com\/sl\/wp-json\/wp\/v2\/media?parent=19034"}],"wp:term":[{"taxonomy":"product_brand","embeddable":true,"href":"https:\/\/www.pebblecushions.com\/sl\/wp-json\/wp\/v2\/product_brand?post=19034"},{"taxonomy":"product_cat","embeddable":true,"href":"https:\/\/www.pebblecushions.com\/sl\/wp-json\/wp\/v2\/product_cat?post=19034"},{"taxonomy":"product_tag","embeddable":true,"href":"https:\/\/www.pebblecushions.com\/sl\/wp-json\/wp\/v2\/product_tag?post=19034"}],"curies":[{"name":"wp","href":"https:\/\/api.w.org\/{rel}","templated":true}]}}