{"id":316,"date":"2022-04-08T12:18:35","date_gmt":"2022-04-08T12:18:35","guid":{"rendered":"https:\/\/www.pebblecushions.com\/product\/pebble-stone-floor-cushions-pebble-cushions-9035"},"modified":"2024-10-05T01:28:17","modified_gmt":"2024-10-05T01:28:17","slug":"talne-blazine-iz-prodnatega-kamna-prodnate-blazine-9035","status":"publish","type":"product","link":"https:\/\/www.pebblecushions.com\/sl\/product\/pebble-stone-floor-cushions-pebble-cushions-9035","title":{"rendered":"Talne blazine iz prodnatega kamna Prodnate blazine"},"content":{"rendered":"[zc_getpagecontent mb=&#8221;mb_aplus&#8221; apid=&#8221;20&#8243;]\n<hr \/>\n<p>Pattern: pebble stone<br \/>\nImported Type: decorative stone pillow<br \/>\nPackage includes: 7PCS Mix Sizes<br \/>\nCare: Spot clean by hand only<\/p>\n<p><strong>Benefits:<\/strong><\/p>\n<p>Bring pieces of nature into your home with eco-friendly design, Set a comfortable reading and relaxing space for your home.<br \/>\nFeatured in a perfect combination of hard stone shapes and soft pillow functions, these stone pillows can not only be used as a home decor but also an interesting hug or throw for all ages.<br \/>\nThese featured stone pillows are designed according simulation stone shapes and have realistic modeling appearance.<br \/>\nthey are suitable for various scenes and purposes: mixed rock like floor decorative pillows, \u00a0plush toy, \u00a0pebble pillows.<br \/>\nWonderful for kids room, children are especially fond of playing with them whenever and wherever they catch a sight.<br \/>\nCreative style attractive shape sewing with fine workmanship invisible zipper design.<\/p>\n<p><strong>Warm Tip:<\/strong><\/p>\n<p>1. Due to the different monitor and light effect, the actual color of the item might be slightly different from the color showed on the pictures.<br \/>\n2. Please allow 1-2 cm\/ 0.39-0.78 inch errors due to different manual measurement.<br \/>\n3. Please kindly use machine wash the cover of this cushion on cold and air dry; to ensure long-time softness, we suggest not to use iron, bleach, tumble dry or dry clean.<br \/>\n4. Customers&#8217; satisfaction is our top pursuit, please contact with us if you have any curiosity\/ questions\/ suggestions about the product or our service, we will give you a response as soon as possible.<\/p>\n<div class=\"row fill_option_note row-box-shadow-2\"  id=\"row-1331815617\">\r\n\r\n\n\t<div id=\"col-2029966691\" class=\"col small-12 large-12\"  >\n\t\t\t\t<div class=\"col-inner\"  >\n\t\t\t\n\t\t\t\r\n\r\n\t<div id=\"text-3060382592\" class=\"text\">\n\t\t\r\n\r\n<p>Our Pebble Cushions offer you two options when purchasing: filled and unfilled cushion covers.<\/p>\r\n<p>If you choose to purchase the unfilled cushion cover (which is definitely tempting for the price), then you will need to fill it with a soft, sturdy yet fluffy filling, or you can fill it with your old clothes, old sheets and other textiles. Or you can get high-quality Premium Fiberfill at Walmart. Doing so will help you save some of the cost of your purchase. Each Pebble Cushion Cover has a discreet zipper along the bottom, great for maintaining the image of the pebbles, and for keeping your family comfortable while you use them. Just unzip to quickly fill the cushion with fiberfill. Likewise, it\u2019s just as easy to empty it when it comes time to wash it.<\/p>\r\n<p>If you shop for a stuffed pebble cushions, we will fill it well for you and guarantee that the stuffed polyester fiberfill inside is brand new, best quality, healthy &amp; ready for use immediately.<\/p>\r\n<p>Why is it recommended to buy \"Without Stuffing\" cushioncase?<\/p>\r\n<p>Our Pebble Cushions are HUGE when full. Since shipping is based on the size of the cushions, not the weight, we have to charge a lot more. Instead, you could purchase the Pebble Cushion Cover , fill it with Premium Fiberfill on your own, and save over 80% off the normal retail price.<\/p>\r\n\t\t\n<style>\n#text-3060382592 {\n  color: rgb(0,0,0);\n}\n#text-3060382592 > * {\n  color: rgb(0,0,0);\n}\n<\/style>\n\t<\/div>\n\t\r\n\r\n\t\t<\/div>\n\t\t\t\t\t<\/div>\n\n\t\r\n\r\n\n<style>\n#row-1331815617 > .col > .col-inner {\n  padding: 20px 20px 10px 20px;\n  background-color: rgb(238, 238, 238);\n  border-radius: 5px;\n}\n<\/style>\n<\/div>\n","protected":false},"excerpt":{"rendered":"<ul>\n<li>Material: Prevleka te realisti\u010dne blazine iz kamna je izdelana iz \u017eameta, enostavna za \u010di\u0161\u010denje in izjemno udobna za naslanjanje.<\/li>\n<li>Polnilni material (za mo\u017enost FRE-FILLED): Polnilo je poliestrska vlakna, ki so eksplodirana s posebno me\u0161anico poliestrskih vlaken 100%, kar ustvarja izjemno odpornost. Polnilo je gladke konsistence in trdne celovitosti, ki jo je mogo\u010de dose\u010di tudi z ne\u0161tetimi pranji. Polnilo se redko zgosti in ni alergeno.<\/li>\n<li>Naravni navdih: Te blazine iz kamna so bile zasnovane tako, da spominjajo na kamne; odlikuje jih realisti\u010den videz z mehkobo in udobjem blazine.<\/li>\n<li>Funkcije: Uporablja se lahko kot tla, stol, kav\u010d, zofa, zunanje blazine, okrasne blazine, klinaste blazine; odli\u010dno za dalj\u0161a potovanja in kampiranje; dekoracija doma, otro\u0161ke pli\u0161aste igra\u010de, ustvarjalna darila, tudi kot rekvizit za fotografski studio ali igro; edinstvena ideja za darilo za rojstni dan, bo\u017ei\u010d, vselitev, prijateljstvo, valentinovo itd.<\/li>\n<li>Prednosti: Edinstven dekorativni poudarek za va\u0161 dom, dnevno sobo, otro\u0161ko spalnico, \u0161tudentski dom, pisarno, teraso ali avto, otro\u0161ko igri\u0161\u010de, igralnico, igralnico, vrt, vrtec, \u0161olo, fotografski studio, hotel, klub, bar, center za jogo, razstavo, modno revijo, avtomobilski salon in druga prizori\u0161\u010da.<\/li>\n<li>Enostavno \u010di\u0161\u010denje: Prilo\u017eena nevidna zadrga omogo\u010da, da je prevleka snemljiva in pralna; Ro\u010dno pranje je sprejemljivo.<\/li>\n<li>Paket vklju\u010duje: 7 kosov\/komplet, Velikost: #1 30x17 palcev, #2 23x14 palcev, #3 21x12 palcev, #4 20x11 palcev, #5 15x9 palcev, #6 12x8 palcev, #7 8x8 palcev.<\/li>\n<li>Opozorilo o zamudi pri dostavi: Trenutni artikli bodo odposlani v 72 urah po pla\u010dilu, dostavljeni pa bodo v 10\u201320 dneh.<\/li>\n<\/ul>","protected":false},"featured_media":312,"comment_status":"open","ping_status":"closed","template":"","meta":[],"product_brand":[],"product_cat":[17],"product_tag":[19,35,22,20,24,26,21,29,32],"class_list":{"0":"post-316","1":"product","2":"type-product","3":"status-publish","4":"has-post-thumbnail","6":"product_cat-pebble-cushions","7":"product_tag-living-stone-pillows","8":"product_tag-livingstones","9":"product_tag-pebble-cushions","10":"product_tag-pebble-pillows","11":"product_tag-pebble-seats","12":"product_tag-rock-cushions","13":"product_tag-rock-pillows","14":"product_tag-stone-cushions","15":"product_tag-stone-pillows","17":"first","18":"instock","19":"shipping-taxable","20":"purchasable","21":"product-type-variable","22":"has-default-attributes"},"_links":{"self":[{"href":"https:\/\/www.pebblecushions.com\/sl\/wp-json\/wp\/v2\/product\/316","targetHints":{"allow":["GET"]}}],"collection":[{"href":"https:\/\/www.pebblecushions.com\/sl\/wp-json\/wp\/v2\/product"}],"about":[{"href":"https:\/\/www.pebblecushions.com\/sl\/wp-json\/wp\/v2\/types\/product"}],"replies":[{"embeddable":true,"href":"https:\/\/www.pebblecushions.com\/sl\/wp-json\/wp\/v2\/comments?post=316"}],"wp:featuredmedia":[{"embeddable":true,"href":"https:\/\/www.pebblecushions.com\/sl\/wp-json\/wp\/v2\/media\/312"}],"wp:attachment":[{"href":"https:\/\/www.pebblecushions.com\/sl\/wp-json\/wp\/v2\/media?parent=316"}],"wp:term":[{"taxonomy":"product_brand","embeddable":true,"href":"https:\/\/www.pebblecushions.com\/sl\/wp-json\/wp\/v2\/product_brand?post=316"},{"taxonomy":"product_cat","embeddable":true,"href":"https:\/\/www.pebblecushions.com\/sl\/wp-json\/wp\/v2\/product_cat?post=316"},{"taxonomy":"product_tag","embeddable":true,"href":"https:\/\/www.pebblecushions.com\/sl\/wp-json\/wp\/v2\/product_tag?post=316"}],"curies":[{"name":"wp","href":"https:\/\/api.w.org\/{rel}","templated":true}]}}