{"id":106,"date":"2021-10-03T12:01:28","date_gmt":"2021-10-03T12:01:28","guid":{"rendered":"https:\/\/www.pebblecushions.com\/product\/meteorolite-rock-pillows-aerolite-pebble-pillows-faux-stone-props-kids-educational-nature-science-theme-pillows-7-pieces-9014\/"},"modified":"2025-09-22T03:54:40","modified_gmt":"2025-09-22T03:54:40","slug":"stenformade-kuddar-mjuka-stenkuddar-9014","status":"publish","type":"product","link":"https:\/\/www.pebblecushions.com\/sv\/product\/rock-shaped-pillows-soft-rock-pillows-9014","title":{"rendered":"Stenformade kuddar Mjuka stenkuddar"},"content":{"rendered":"[zc_getpagecontent mb=&#8221;mb_aplus&#8221; apid=&#8221;20&#8243;]\n<div class=\"row fill_option_note row-box-shadow-2\"  id=\"row-550245491\">\r\n\r\n\n\t<div id=\"col-1653073132\" class=\"col small-12 large-12\"  >\n\t\t\t\t<div class=\"col-inner\"  >\n\t\t\t\n\t\t\t\r\n\r\n\t<div id=\"text-740297924\" class=\"text\">\n\t\t\r\n\r\n<p>Our Pebble Cushions offer you two options when purchasing: filled and unfilled cushion covers.<\/p>\r\n<p>If you choose to purchase the unfilled cushion cover (which is definitely tempting for the price), then you will need to fill it with a soft, sturdy yet fluffy filling, or you can fill it with your old clothes, old sheets and other textiles. Or you can get high-quality Premium Fiberfill at Walmart. Doing so will help you save some of the cost of your purchase. Each Pebble Cushion Cover has a discreet zipper along the bottom, great for maintaining the image of the pebbles, and for keeping your family comfortable while you use them. Just unzip to quickly fill the cushion with fiberfill. Likewise, it\u2019s just as easy to empty it when it comes time to wash it.<\/p>\r\n<p>If you shop for a stuffed pebble cushions, we will fill it well for you and guarantee that the stuffed polyester fiberfill inside is brand new, best quality, healthy &amp; ready for use immediately.<\/p>\r\n<p>Why is it recommended to buy \"Without Stuffing\" cushioncase?<\/p>\r\n<p>Our Pebble Cushions are HUGE when full. Since shipping is based on the size of the cushions, not the weight, we have to charge a lot more. Instead, you could purchase the Pebble Cushion Cover , fill it with Premium Fiberfill on your own, and save over 80% off the normal retail price.<\/p>\r\n\t\t\n<style>\n#text-740297924 {\n  color: rgb(0,0,0);\n}\n#text-740297924 > * {\n  color: rgb(0,0,0);\n}\n<\/style>\n\t<\/div>\n\t\r\n\r\n\t\t<\/div>\n\t\t\t\t\t<\/div>\n\n\t\r\n\r\n\n<style>\n#row-550245491 > .col > .col-inner {\n  padding: 20px 20px 10px 20px;\n  background-color: rgb(238, 238, 238);\n  border-radius: 5px;\n}\n<\/style>\n<\/div>\n","protected":false},"excerpt":{"rendered":"<ul>\n<li>Kuddfodral i sammet (100% polyester) och utan fyllning<\/li>\n<li>Premiumkvalitet: Tillverkad av mjukt och tjockt sammetsmaterial, t\u00e4ta s\u00f6mmar ger b\u00e4ttre h\u00e5llbarhet och undviker fransning och revor. Den robusta dolda dragkedjan g\u00f6r ocks\u00e5 att kuddfodralet \u00e4r l\u00e4tt avtagbart och tv\u00e4ttbart.<\/li>\n<li>Kreativ design: Designern anv\u00e4nder natursten som huvudsakligt skapande och designar olika stilar av stenkuddar. Dessa realistiska stenkuddar ger dig en rik naturlig atmosf\u00e4r inomhus.<\/li>\n<li>Dekorativ kudde: Om du letar efter n\u00e5got annorlunda till ditt vardagsrum, d\u00e5 kan du inte missa de f\u00e4rgglada stenkuddarna. Dessa stenkuddar ger ditt rum en elegant touch och de kan f\u00f6r\u00e4ndra utseendet p\u00e5 ett rum p\u00e5 ett snabbt och enkelt s\u00e4tt f\u00f6r att g\u00f6ra din hemstil unik. Vardagsrum, soffa, s\u00e4ng, inomhus, uteplats, golv, utomhus, sovrum, kontor, etc.<\/li>\n<li>Vi tror att dina barn kommer att \u00e4lska denna extremt mjuka stenkudde i olika former, eftersom det \u00e4r deras sl\u00e4ktingar som leker med den. Anv\u00e4nd dessa stenkuddar f\u00f6r att komma n\u00e4rmare dina barn och \u00f6ka tillgivenheten mellan dig och ditt barn under leken.<\/li>\n<li>Ge din enkla bostad en jordn\u00e4ra k\u00e4nsla genom att skapa den perfekta avkopplingsmilj\u00f6n med dessa stenkuddar. Varje kudde \u00e4r f\u00f6rkl\u00e4dd till en h\u00f6g med h\u00e5rda stenar och \u00e4r tillverkad av h\u00f6gkvalitativt tyg. Den finns i olika storlekar och utf\u00f6randen f\u00f6r att skapa ett realistiskt landskap.<\/li>\n<li>Antal: 7 delar \/ set<\/li>\n<li>Storlek: #1 76x43 cm, #2 59x33 cm, #3 59x30 cm, #4 59x28 cm, #5 35x23 cm, #6 30x20 cm, #7 20x20 cm<\/li>\n<\/ul>","protected":false},"featured_media":95,"comment_status":"open","ping_status":"closed","template":"","meta":[],"product_brand":[],"product_cat":[18],"product_tag":[25,19,20,26,21,31,30],"class_list":{"0":"post-106","1":"product","2":"type-product","3":"status-publish","4":"has-post-thumbnail","6":"product_cat-pebble-seats","7":"product_tag-floor-cushion","8":"product_tag-living-stone-pillows","9":"product_tag-pebble-pillows","10":"product_tag-rock-cushions","11":"product_tag-rock-pillows","12":"product_tag-rock-shaped-pillows","13":"product_tag-soft-rock-pillows","15":"first","16":"instock","17":"featured","18":"shipping-taxable","19":"purchasable","20":"product-type-variable","21":"has-default-attributes"},"_links":{"self":[{"href":"https:\/\/www.pebblecushions.com\/sv\/wp-json\/wp\/v2\/product\/106","targetHints":{"allow":["GET"]}}],"collection":[{"href":"https:\/\/www.pebblecushions.com\/sv\/wp-json\/wp\/v2\/product"}],"about":[{"href":"https:\/\/www.pebblecushions.com\/sv\/wp-json\/wp\/v2\/types\/product"}],"replies":[{"embeddable":true,"href":"https:\/\/www.pebblecushions.com\/sv\/wp-json\/wp\/v2\/comments?post=106"}],"wp:featuredmedia":[{"embeddable":true,"href":"https:\/\/www.pebblecushions.com\/sv\/wp-json\/wp\/v2\/media\/95"}],"wp:attachment":[{"href":"https:\/\/www.pebblecushions.com\/sv\/wp-json\/wp\/v2\/media?parent=106"}],"wp:term":[{"taxonomy":"product_brand","embeddable":true,"href":"https:\/\/www.pebblecushions.com\/sv\/wp-json\/wp\/v2\/product_brand?post=106"},{"taxonomy":"product_cat","embeddable":true,"href":"https:\/\/www.pebblecushions.com\/sv\/wp-json\/wp\/v2\/product_cat?post=106"},{"taxonomy":"product_tag","embeddable":true,"href":"https:\/\/www.pebblecushions.com\/sv\/wp-json\/wp\/v2\/product_tag?post=106"}],"curies":[{"name":"wp","href":"https:\/\/api.w.org\/{rel}","templated":true}]}}