{"id":43,"date":"2021-10-03T10:16:27","date_gmt":"2021-10-03T10:16:27","guid":{"rendered":"https:\/\/www.pebblecushions.com\/product\/huge-rock-pillows-living-stones-pillows-living-pillows-pebble-pillows-pre-filled-christmas-present-max-size-light-gray\/"},"modified":"2025-09-22T03:45:36","modified_gmt":"2025-09-22T03:45:36","slug":"livingstones-stenkuddar-stenkuddar-9003","status":"publish","type":"product","link":"https:\/\/www.pebblecushions.com\/sv\/product\/livingstones-pebble-cushions-stone-cushions-9003","title":{"rendered":"Livingstones Pebble-kuddar Stenkuddar"},"content":{"rendered":"[zc_getpagecontent mb=&#8221;mb_aplus&#8221; apid=&#8221;16&#8243;]\n<div class=\"row fill_option_note row-box-shadow-2\"  id=\"row-902234917\">\r\n\r\n\n\t<div id=\"col-700839095\" class=\"col small-12 large-12\"  >\n\t\t\t\t<div class=\"col-inner\"  >\n\t\t\t\n\t\t\t\r\n\r\n\t<div id=\"text-3916188915\" class=\"text\">\n\t\t\r\n\r\n<p>Our Pebble Cushions offer you two options when purchasing: filled and unfilled cushion covers.<\/p>\r\n<p>If you choose to purchase the unfilled cushion cover (which is definitely tempting for the price), then you will need to fill it with a soft, sturdy yet fluffy filling, or you can fill it with your old clothes, old sheets and other textiles. Or you can get high-quality Premium Fiberfill at Walmart. Doing so will help you save some of the cost of your purchase. Each Pebble Cushion Cover has a discreet zipper along the bottom, great for maintaining the image of the pebbles, and for keeping your family comfortable while you use them. Just unzip to quickly fill the cushion with fiberfill. Likewise, it\u2019s just as easy to empty it when it comes time to wash it.<\/p>\r\n<p>If you shop for a stuffed pebble cushions, we will fill it well for you and guarantee that the stuffed polyester fiberfill inside is brand new, best quality, healthy &amp; ready for use immediately.<\/p>\r\n<p>Why is it recommended to buy \"Without Stuffing\" cushioncase?<\/p>\r\n<p>Our Pebble Cushions are HUGE when full. Since shipping is based on the size of the cushions, not the weight, we have to charge a lot more. Instead, you could purchase the Pebble Cushion Cover , fill it with Premium Fiberfill on your own, and save over 80% off the normal retail price.<\/p>\r\n\t\t\n<style>\n#text-3916188915 {\n  color: rgb(0,0,0);\n}\n#text-3916188915 > * {\n  color: rgb(0,0,0);\n}\n<\/style>\n\t<\/div>\n\t\r\n\r\n\t\t<\/div>\n\t\t\t\t\t<\/div>\n\n\t\r\n\r\n\n<style>\n#row-902234917 > .col > .col-inner {\n  padding: 20px 20px 10px 20px;\n  background-color: rgb(238, 238, 238);\n  border-radius: 5px;\n}\n<\/style>\n<\/div>\n","protected":false},"excerpt":{"rendered":"<ul>\n<li>Tyg: Polarfleece<\/li>\n<li>Antal: 6 stycken ing\u00e5r<\/li>\n<li>Storlekar: 40x20 tum; 20x14 tum; 20x10 tum; 14x9 tum; 12x7 tum; 7x4 tum<\/li>\n<li>F\u00e4rg: Ljus- och m\u00f6rkgr\u00e5 blandad | Den st\u00f6rsta stenen \u00e4r i ljusgr\u00e5<\/li>\n<li>M\u00f6nster: Enf\u00e4rgad natursten<\/li>\n<li>Fyllningsmaterial (f\u00f6r FRE-FILLED-alternativet): Fyllnaden \u00e4r polyesterfiberfyllning som exploderar genom den speciella blandningen av 100% polyesterfibrer, vilket skapar extraordin\u00e4r motst\u00e5ndskraft. Fyllnaden har en sl\u00e4t konsistens och stark integritet trots otaliga tv\u00e4ttar. Fyllnaden klumpar sig s\u00e4llan och \u00e4r icke-allergiframkallande.<\/li>\n<li>Med en perfekt kombination av h\u00e5rda stenformer och mjuka kuddfunktioner kan dessa stenkuddar inte bara anv\u00e4ndas som en distinkt heminredning p\u00e5 golv eller m\u00f6bler, utan ocks\u00e5 som en intressant kram eller pl\u00e4d f\u00f6r alla \u00e5ldrar.<\/li>\n<li>Verisimilar 3D-printade stenkuddar: Vid f\u00f6rsta anblicken tror du aldrig att de bara \u00e4r kuddar. Vi kombinerar kudden och &quot;stenen&quot; perfekt genom en genial design. Ellipsformen, den eleganta kurvan och m\u00f6nstret av natursten g\u00f6r att kudden ser ut som en riktig sten. Dessa f\u00e4rgstarka kuddar g\u00f6r v\u00e5rt hem till en intressant plats.<\/li>\n<li>Du f\u00e5r vad du ser.<\/li>\n<\/ul>","protected":false},"featured_media":29,"comment_status":"open","ping_status":"closed","template":"","meta":[],"product_brand":[],"product_cat":[15],"product_tag":[19,33,35,22,28,20,24,21,32],"class_list":{"0":"post-43","1":"product","2":"type-product","3":"status-publish","4":"has-post-thumbnail","6":"product_cat-livingstones","7":"product_tag-living-stone-pillows","8":"product_tag-livingstone-pillows","9":"product_tag-livingstones","10":"product_tag-pebble-cushions","11":"product_tag-pebble-floor-cushions","12":"product_tag-pebble-pillows","13":"product_tag-pebble-seats","14":"product_tag-rock-pillows","15":"product_tag-stone-pillows","17":"first","18":"instock","19":"featured","20":"shipping-taxable","21":"purchasable","22":"product-type-variable","23":"has-default-attributes"},"_links":{"self":[{"href":"https:\/\/www.pebblecushions.com\/sv\/wp-json\/wp\/v2\/product\/43","targetHints":{"allow":["GET"]}}],"collection":[{"href":"https:\/\/www.pebblecushions.com\/sv\/wp-json\/wp\/v2\/product"}],"about":[{"href":"https:\/\/www.pebblecushions.com\/sv\/wp-json\/wp\/v2\/types\/product"}],"replies":[{"embeddable":true,"href":"https:\/\/www.pebblecushions.com\/sv\/wp-json\/wp\/v2\/comments?post=43"}],"wp:featuredmedia":[{"embeddable":true,"href":"https:\/\/www.pebblecushions.com\/sv\/wp-json\/wp\/v2\/media\/29"}],"wp:attachment":[{"href":"https:\/\/www.pebblecushions.com\/sv\/wp-json\/wp\/v2\/media?parent=43"}],"wp:term":[{"taxonomy":"product_brand","embeddable":true,"href":"https:\/\/www.pebblecushions.com\/sv\/wp-json\/wp\/v2\/product_brand?post=43"},{"taxonomy":"product_cat","embeddable":true,"href":"https:\/\/www.pebblecushions.com\/sv\/wp-json\/wp\/v2\/product_cat?post=43"},{"taxonomy":"product_tag","embeddable":true,"href":"https:\/\/www.pebblecushions.com\/sv\/wp-json\/wp\/v2\/product_tag?post=43"}],"curies":[{"name":"wp","href":"https:\/\/api.w.org\/{rel}","templated":true}]}}